{"id":288,"date":"2023-10-06T08:26:24","date_gmt":"2023-10-06T08:26:24","guid":{"rendered":"http:\/\/test.musicgates.es\/?page_id=288"},"modified":"2023-10-06T10:31:05","modified_gmt":"2023-10-06T10:31:05","slug":"demo","status":"publish","type":"page","link":"https:\/\/www.musicgates.pro\/fr\/demo\/","title":{"rendered":"Demo"},"content":{"rendered":"<div data-elementor-type=\"wp-page\" data-elementor-id=\"288\" class=\"elementor elementor-288\" data-elementor-post-type=\"page\">\n\t\t\t\t<div class=\"elementor-element elementor-element-c3c63d7 e-con-full e-flex e-con e-parent\" data-id=\"c3c63d7\" data-element_type=\"container\">\n\t\t<div class=\"elementor-element elementor-element-d3cd8a0 e-con-full e-flex e-con e-child\" data-id=\"d3cd8a0\" data-element_type=\"container\">\n\t\t\t\t<div class=\"elementor-element elementor-element-ce53d0f elementor-widget elementor-widget-heading\" data-id=\"ce53d0f\" data-element_type=\"widget\" data-widget_type=\"heading.default\">\n\t\t\t\t<div class=\"elementor-widget-container\">\n\t\t\t<h2 class=\"elementor-heading-title elementor-size-default\">Quelle musique d'ambiance est la plus appropri\u00e9e dans votre secteur ?<\/h2>\t\t<\/div>\n\t\t\t\t<\/div>\n\t\t\t\t<\/div>\n\t\t<div class=\"elementor-element elementor-element-16a696e e-con-full e-flex e-con e-child\" data-id=\"16a696e\" data-element_type=\"container\">\n\t\t\t\t<div class=\"elementor-element elementor-element-c5cb0c9 elementor-widget__width-inherit elementor-widget elementor-widget-text-editor\" data-id=\"c5cb0c9\" data-element_type=\"widget\" data-widget_type=\"text-editor.default\">\n\t\t\t\t<div class=\"elementor-widget-container\">\n\t\t\t\t\t\t\t<p>Canaux d'essai<\/p>\t\t\t\t\t\t<\/div>\n\t\t\t\t<\/div>\n\t\t<div class=\"elementor-element elementor-element-447b32a e-con-full e-flex e-con e-child\" data-id=\"447b32a\" data-element_type=\"container\">\n\t\t\t\t<div class=\"elementor-element elementor-element-ad10a1b elementor-widget elementor-widget-text-editor\" data-id=\"ad10a1b\" data-element_type=\"widget\" data-widget_type=\"text-editor.default\">\n\t\t\t\t<div class=\"elementor-widget-container\">\n\t\t\t\t\t\t\t<p>Notre catalogue musical se compose de <strong>plus de 30 canaux soigneusement s\u00e9lectionn\u00e9s<\/strong>, avec la meilleure musique de qualit\u00e9 pr\u00eate \u00e0 cr\u00e9er une ambiance agr\u00e9able et chaleureuse comme ceux que nous montrons ci-dessous.<\/p>\t\t\t\t\t\t<\/div>\n\t\t\t\t<\/div>\n\t\t\t\t<\/div>\n\t\t\t\t<\/div>\n\t\t\t\t<\/div>\n\t\t<div class=\"elementor-element elementor-element-29de5d5 e-con-full e-flex e-con e-parent\" data-id=\"29de5d5\" data-element_type=\"container\">\n\t\t<div class=\"elementor-element elementor-element-3358feb e-flex e-con-boxed e-con e-child\" data-id=\"3358feb\" data-element_type=\"container\">\n\t\t\t\t\t<div class=\"e-con-inner\">\n\t\t\t\t<div class=\"elementor-element elementor-element-3daa84e elementor-widget elementor-widget-image\" data-id=\"3daa84e\" data-element_type=\"widget\" data-widget_type=\"image.default\">\n\t\t\t\t<div class=\"elementor-widget-container\">\n\t\t\t\t\t\t\t\t\t\t\t\t\t<img fetchpriority=\"high\" decoding=\"async\" width=\"800\" height=\"566\" src=\"https:\/\/www.musicgates.pro\/wp-content\/uploads\/2023\/10\/rock-1024x724.jpg\" class=\"attachment-large size-large wp-image-239\" alt=\"\" srcset=\"https:\/\/www.musicgates.pro\/wp-content\/uploads\/2023\/10\/rock-1024x724.jpg 1024w, https:\/\/www.musicgates.pro\/wp-content\/uploads\/2023\/10\/rock-300x212.jpg 300w, https:\/\/www.musicgates.pro\/wp-content\/uploads\/2023\/10\/rock-768x543.jpg 768w, https:\/\/www.musicgates.pro\/wp-content\/uploads\/2023\/10\/rock.jpg 1250w\" sizes=\"(max-width: 800px) 100vw, 800px\" \/>\t\t\t\t\t\t\t\t\t\t\t\t\t<\/div>\n\t\t\t\t<\/div>\n\t\t\t\t<div class=\"elementor-element elementor-element-0f9f45a elementor-widget elementor-widget-heading\" data-id=\"0f9f45a\" data-element_type=\"widget\" data-widget_type=\"heading.default\">\n\t\t\t\t<div class=\"elementor-widget-container\">\n\t\t\t<h2 class=\"elementor-heading-title elementor-size-default\">Rock<\/h2>\t\t<\/div>\n\t\t\t\t<\/div>\n\t\t\t\t<div class=\"elementor-element elementor-element-30d8221 elementor-widget elementor-widget-html\" data-id=\"30d8221\" data-element_type=\"widget\" data-widget_type=\"html.default\">\n\t\t\t\t<div class=\"elementor-widget-container\">\n\t\t\t<div id=\"player33\"><div class=\"compact_audio_player_wrapper\"><div class=\"sc_player_container1\"><input type=\"button\" id=\"btnplay_69d30441b7a2a2.19820518\" class=\"myButton_play\" onclick=\"play_mp3('play','69d30441b7a2a2.19820518','https:\/\/velocity-stream.galaxywebsolutions.com\/proxy\/mgates_energeticpopr?mp=\/stream','80','false');show_hide('play','69d30441b7a2a2.19820518');\" \/><input type=\"button\"  id=\"btnstop_69d30441b7a2a2.19820518\" style=\"display:none\" class=\"myButton_stop\" onclick=\"play_mp3('stop','69d30441b7a2a2.19820518','','80','false');show_hide('stop','69d30441b7a2a2.19820518');\" \/><div id=\"sm2-container\"><!-- flash movie ends up here --><\/div><\/div><\/div><\/div>\t\t<\/div>\n\t\t\t\t<\/div>\n\t\t\t\t\t<\/div>\n\t\t\t\t<\/div>\n\t\t<div class=\"elementor-element elementor-element-a6b9175 e-flex e-con-boxed e-con e-child\" data-id=\"a6b9175\" data-element_type=\"container\">\n\t\t\t\t\t<div class=\"e-con-inner\">\n\t\t\t\t<div class=\"elementor-element elementor-element-fc3cc6a elementor-widget elementor-widget-image\" data-id=\"fc3cc6a\" data-element_type=\"widget\" data-widget_type=\"image.default\">\n\t\t\t\t<div class=\"elementor-widget-container\">\n\t\t\t\t\t\t\t\t\t\t\t\t\t<img decoding=\"async\" width=\"800\" height=\"566\" src=\"https:\/\/www.musicgates.pro\/wp-content\/uploads\/2023\/10\/lounge-1024x724.jpg\" class=\"attachment-large size-large wp-image-237\" alt=\"\" srcset=\"https:\/\/www.musicgates.pro\/wp-content\/uploads\/2023\/10\/lounge-1024x724.jpg 1024w, https:\/\/www.musicgates.pro\/wp-content\/uploads\/2023\/10\/lounge-300x212.jpg 300w, https:\/\/www.musicgates.pro\/wp-content\/uploads\/2023\/10\/lounge-768x543.jpg 768w, https:\/\/www.musicgates.pro\/wp-content\/uploads\/2023\/10\/lounge.jpg 1250w\" sizes=\"(max-width: 800px) 100vw, 800px\" \/>\t\t\t\t\t\t\t\t\t\t\t\t\t<\/div>\n\t\t\t\t<\/div>\n\t\t\t\t<div class=\"elementor-element elementor-element-abe767c elementor-widget elementor-widget-heading\" data-id=\"abe767c\" data-element_type=\"widget\" data-widget_type=\"heading.default\">\n\t\t\t\t<div class=\"elementor-widget-container\">\n\t\t\t<h2 class=\"elementor-heading-title elementor-size-default\">Lounge and Chillout<\/h2>\t\t<\/div>\n\t\t\t\t<\/div>\n\t\t\t\t<div class=\"elementor-element elementor-element-8099fec elementor-widget elementor-widget-html\" data-id=\"8099fec\" data-element_type=\"widget\" data-widget_type=\"html.default\">\n\t\t\t\t<div class=\"elementor-widget-container\">\n\t\t\t<div id=\"player2\"><div class=\"compact_audio_player_wrapper\"><div class=\"sc_player_container1\"><input type=\"button\" id=\"btnplay_69d30441b7b178.88848331\" class=\"myButton_play\" onclick=\"play_mp3('play','69d30441b7b178.88848331','https:\/\/velocity-stream.galaxywebsolutions.com\/proxy\/mgates_loungechill?mp=\/stream','80','false');show_hide('play','69d30441b7b178.88848331');\" \/><input type=\"button\"  id=\"btnstop_69d30441b7b178.88848331\" style=\"display:none\" class=\"myButton_stop\" onclick=\"play_mp3('stop','69d30441b7b178.88848331','','80','false');show_hide('stop','69d30441b7b178.88848331');\" \/><div id=\"sm2-container\"><!-- flash movie ends up here --><\/div><\/div><\/div><\/div>\t\t<\/div>\n\t\t\t\t<\/div>\n\t\t\t\t\t<\/div>\n\t\t\t\t<\/div>\n\t\t<div class=\"elementor-element elementor-element-2ddc165 e-flex e-con-boxed e-con e-child\" data-id=\"2ddc165\" data-element_type=\"container\">\n\t\t\t\t\t<div class=\"e-con-inner\">\n\t\t\t\t<div class=\"elementor-element elementor-element-2da57d9 elementor-widget elementor-widget-image\" data-id=\"2da57d9\" data-element_type=\"widget\" data-widget_type=\"image.default\">\n\t\t\t\t<div class=\"elementor-widget-container\">\n\t\t\t\t\t\t\t\t\t\t\t\t\t<img decoding=\"async\" width=\"800\" height=\"566\" src=\"https:\/\/www.musicgates.pro\/wp-content\/uploads\/2023\/10\/pop-rock-1024x724.jpg\" class=\"attachment-large size-large wp-image-238\" alt=\"\" srcset=\"https:\/\/www.musicgates.pro\/wp-content\/uploads\/2023\/10\/pop-rock-1024x724.jpg 1024w, https:\/\/www.musicgates.pro\/wp-content\/uploads\/2023\/10\/pop-rock-300x212.jpg 300w, https:\/\/www.musicgates.pro\/wp-content\/uploads\/2023\/10\/pop-rock-768x543.jpg 768w, https:\/\/www.musicgates.pro\/wp-content\/uploads\/2023\/10\/pop-rock.jpg 1250w\" sizes=\"(max-width: 800px) 100vw, 800px\" \/>\t\t\t\t\t\t\t\t\t\t\t\t\t<\/div>\n\t\t\t\t<\/div>\n\t\t\t\t<div class=\"elementor-element elementor-element-2c93637 elementor-widget elementor-widget-heading\" data-id=\"2c93637\" data-element_type=\"widget\" data-widget_type=\"heading.default\">\n\t\t\t\t<div class=\"elementor-widget-container\">\n\t\t\t<h2 class=\"elementor-heading-title elementor-size-default\">Mixed Pop Rock<\/h2>\t\t<\/div>\n\t\t\t\t<\/div>\n\t\t\t\t<div class=\"elementor-element elementor-element-18e24c5 elementor-widget elementor-widget-html\" data-id=\"18e24c5\" data-element_type=\"widget\" data-widget_type=\"html.default\">\n\t\t\t\t<div class=\"elementor-widget-container\">\n\t\t\t<div id=\"player3\"><div class=\"compact_audio_player_wrapper\"><div class=\"sc_player_container1\"><input type=\"button\" id=\"btnplay_69d30441b7bde0.84075664\" class=\"myButton_play\" onclick=\"play_mp3('play','69d30441b7bde0.84075664','https:\/\/velocity-stream.galaxywebsolutions.com\/proxy\/mgates_mixedpoprock?mp=\/stream','80','false');show_hide('play','69d30441b7bde0.84075664');\" \/><input type=\"button\"  id=\"btnstop_69d30441b7bde0.84075664\" style=\"display:none\" class=\"myButton_stop\" onclick=\"play_mp3('stop','69d30441b7bde0.84075664','','80','false');show_hide('stop','69d30441b7bde0.84075664');\" \/><div id=\"sm2-container\"><!-- flash movie ends up here --><\/div><\/div><\/div><\/div>\t\t<\/div>\n\t\t\t\t<\/div>\n\t\t\t\t\t<\/div>\n\t\t\t\t<\/div>\n\t\t<div class=\"elementor-element elementor-element-3c84dde e-flex e-con-boxed e-con e-child\" data-id=\"3c84dde\" data-element_type=\"container\">\n\t\t\t\t\t<div class=\"e-con-inner\">\n\t\t\t\t<div class=\"elementor-element elementor-element-72b8479 elementor-widget elementor-widget-image\" data-id=\"72b8479\" data-element_type=\"widget\" data-widget_type=\"image.default\">\n\t\t\t\t<div class=\"elementor-widget-container\">\n\t\t\t\t\t\t\t\t\t\t\t\t\t<img loading=\"lazy\" decoding=\"async\" width=\"800\" height=\"566\" src=\"https:\/\/www.musicgates.pro\/wp-content\/uploads\/2023\/10\/Home-Printed-Award-TRA-2023.pdf-3-1024x724.jpg\" class=\"attachment-large size-large wp-image-173\" alt=\"\" srcset=\"https:\/\/www.musicgates.pro\/wp-content\/uploads\/2023\/10\/Home-Printed-Award-TRA-2023.pdf-3-1024x724.jpg 1024w, https:\/\/www.musicgates.pro\/wp-content\/uploads\/2023\/10\/Home-Printed-Award-TRA-2023.pdf-3-300x212.jpg 300w, https:\/\/www.musicgates.pro\/wp-content\/uploads\/2023\/10\/Home-Printed-Award-TRA-2023.pdf-3-768x543.jpg 768w, https:\/\/www.musicgates.pro\/wp-content\/uploads\/2023\/10\/Home-Printed-Award-TRA-2023.pdf-3.jpg 1250w\" sizes=\"(max-width: 800px) 100vw, 800px\" \/>\t\t\t\t\t\t\t\t\t\t\t\t\t<\/div>\n\t\t\t\t<\/div>\n\t\t\t\t<div class=\"elementor-element elementor-element-eae1ac2 elementor-widget elementor-widget-heading\" data-id=\"eae1ac2\" data-element_type=\"widget\" data-widget_type=\"heading.default\">\n\t\t\t\t<div class=\"elementor-widget-container\">\n\t\t\t<h2 class=\"elementor-heading-title elementor-size-default\">Deep Tech and House<\/h2>\t\t<\/div>\n\t\t\t\t<\/div>\n\t\t\t\t<div class=\"elementor-element elementor-element-2e48f26 elementor-widget elementor-widget-html\" data-id=\"2e48f26\" data-element_type=\"widget\" data-widget_type=\"html.default\">\n\t\t\t\t<div class=\"elementor-widget-container\">\n\t\t\t<div id=\"player4\"><div class=\"compact_audio_player_wrapper\"><div class=\"sc_player_container1\"><input type=\"button\" id=\"btnplay_69d30441b7c597.68583221\" class=\"myButton_play\" onclick=\"play_mp3('play','69d30441b7c597.68583221','https:\/\/velocity-stream.galaxywebsolutions.com\/proxy\/mgates_deeptechouse?mp=\/stream','80','false');show_hide('play','69d30441b7c597.68583221');\" \/><input type=\"button\"  id=\"btnstop_69d30441b7c597.68583221\" style=\"display:none\" class=\"myButton_stop\" onclick=\"play_mp3('stop','69d30441b7c597.68583221','','80','false');show_hide('stop','69d30441b7c597.68583221');\" \/><div id=\"sm2-container\"><!-- flash movie ends up here --><\/div><\/div><\/div><\/div>\t\t<\/div>\n\t\t\t\t<\/div>\n\t\t\t\t\t<\/div>\n\t\t\t\t<\/div>\n\t\t\t\t<\/div>\n\t\t<div class=\"elementor-element elementor-element-615b276 e-con-full e-flex e-con e-parent\" data-id=\"615b276\" data-element_type=\"container\" data-settings=\"{&quot;background_background&quot;:&quot;classic&quot;}\">\n\t\t<div class=\"elementor-element elementor-element-72b100c e-con-full e-flex e-con e-child\" data-id=\"72b100c\" data-element_type=\"container\">\n\t\t\t\t<div class=\"elementor-element elementor-element-10517dc elementor-widget elementor-widget-heading\" data-id=\"10517dc\" data-element_type=\"widget\" data-widget_type=\"heading.default\">\n\t\t\t\t<div class=\"elementor-widget-container\">\n\t\t\t<h2 class=\"elementor-heading-title elementor-size-default\">Tarifs et plans<\/h2>\t\t<\/div>\n\t\t\t\t<\/div>\n\t\t\t\t<\/div>\n\t\t<div class=\"elementor-element elementor-element-422505b e-con-full e-flex e-con e-child\" data-id=\"422505b\" data-element_type=\"container\">\n\t\t\t\t<div class=\"elementor-element elementor-element-0eab0d9 elementor-widget__width-inherit elementor-widget elementor-widget-text-editor\" data-id=\"0eab0d9\" data-element_type=\"widget\" data-widget_type=\"text-editor.default\">\n\t\t\t\t<div class=\"elementor-widget-container\">\n\t\t\t\t\t\t\t<p>Nous vous offrons une s\u00e9lection de tarifs et de plans avec le meilleur rapport qualit\u00e9-prix<\/p>\t\t\t\t\t\t<\/div>\n\t\t\t\t<\/div>\n\t\t<div class=\"elementor-element elementor-element-84c99b6 e-con-full e-flex e-con e-child\" data-id=\"84c99b6\" data-element_type=\"container\">\n\t\t\t\t<div class=\"elementor-element elementor-element-1837b77 elementor-widget elementor-widget-button\" data-id=\"1837b77\" data-element_type=\"widget\" data-widget_type=\"button.default\">\n\t\t\t\t<div class=\"elementor-widget-container\">\n\t\t\t\t\t\t\t<div class=\"elementor-button-wrapper\">\n\t\t\t\t\t<a class=\"elementor-button elementor-button-link elementor-size-sm elementor-animation-grow\" href=\"\/fr\/tarifas\/\">\n\t\t\t\t\t\t<span class=\"elementor-button-content-wrapper\">\n\t\t\t\t\t\t\t\t\t<span class=\"elementor-button-text\">TARIFS<\/span>\n\t\t\t\t\t<\/span>\n\t\t\t\t\t<\/a>\n\t\t\t\t<\/div>\n\t\t\t\t\t\t<\/div>\n\t\t\t\t<\/div>\n\t\t\t\t<\/div>\n\t\t\t\t<\/div>\n\t\t\t\t<\/div>\n\t\t\t\t<\/div>","protected":false},"excerpt":{"rendered":"<p>\u00bfQu\u00e9 m\u00fasica de ambiente es la m\u00e1s adecuada en su sector? Canales de prueba Nuestro cat\u00e1logo musical consta de m\u00e1s de 30 canales seleccionados cuidadosamente, con la mejor m\u00fasica de calidad preparada para crear un ambiente agradable y acogedor como los que mostramos a continuaci\u00f3n. Rock Lounge and Chillout Mixed Pop Rock Deep Tech and [&hellip;]<\/p>","protected":false},"author":1,"featured_media":0,"parent":0,"menu_order":0,"comment_status":"closed","ping_status":"closed","template":"","meta":{"footnotes":""},"_links":{"self":[{"href":"https:\/\/www.musicgates.pro\/fr\/wp-json\/wp\/v2\/pages\/288"}],"collection":[{"href":"https:\/\/www.musicgates.pro\/fr\/wp-json\/wp\/v2\/pages"}],"about":[{"href":"https:\/\/www.musicgates.pro\/fr\/wp-json\/wp\/v2\/types\/page"}],"author":[{"embeddable":true,"href":"https:\/\/www.musicgates.pro\/fr\/wp-json\/wp\/v2\/users\/1"}],"replies":[{"embeddable":true,"href":"https:\/\/www.musicgates.pro\/fr\/wp-json\/wp\/v2\/comments?post=288"}],"version-history":[{"count":46,"href":"https:\/\/www.musicgates.pro\/fr\/wp-json\/wp\/v2\/pages\/288\/revisions"}],"predecessor-version":[{"id":444,"href":"https:\/\/www.musicgates.pro\/fr\/wp-json\/wp\/v2\/pages\/288\/revisions\/444"}],"wp:attachment":[{"href":"https:\/\/www.musicgates.pro\/fr\/wp-json\/wp\/v2\/media?parent=288"}],"curies":[{"name":"wp","href":"https:\/\/api.w.org\/{rel}","templated":true}]}}