{"id":3,"date":"2023-10-04T09:57:29","date_gmt":"2023-10-04T09:57:29","guid":{"rendered":"http:\/\/test.musicgates.es\/?page_id=3"},"modified":"2025-10-07T13:22:30","modified_gmt":"2025-10-07T11:22:30","slug":"politica-de-privacidad","status":"publish","type":"page","link":"https:\/\/www.musicgates.pro\/fr\/politica-de-privacidad\/","title":{"rendered":"Politique de confidentialit\u00e9"},"content":{"rendered":"<div data-elementor-type=\"wp-page\" data-elementor-id=\"3\" class=\"elementor elementor-3\" data-elementor-post-type=\"page\">\n\t\t\t\t<div class=\"elementor-element elementor-element-7e8dcf9 e-con-full e-flex e-con e-parent\" data-id=\"7e8dcf9\" data-element_type=\"container\">\n\t\t\t\t<div class=\"elementor-element elementor-element-45f11b3 elementor-widget elementor-widget-text-editor\" data-id=\"45f11b3\" data-element_type=\"widget\" data-widget_type=\"text-editor.default\">\n\t\t\t\t<div class=\"elementor-widget-container\">\n\t\t\t\t\t\t\t<!-- wp:heading -->\n<div id=\"page-top\">\n<div class=\"inner\">\n<h3 class=\"page-title\">Politique de confidentialit\u00e9<\/h3>\n<\/div>\n<\/div>\n<div id=\"content\">\n<div class=\"inner\">\n<div id=\"main\">\n<p>En KAKIGORYS CORO, S.L. trabajamos para garantizar la privacidad en el tratamiento de sus datos personales. Hemos actualizado nuestra Pol\u00edtica de Privacidad para informar claramente de c\u00f3mo recabamos, utilizamos y custodiamos los datos de las personas que contactan con nuestra empresa:<\/p>\n<ul>\n<li>Responsable du Traitement des Donn\u00e9es<\/li>\n<li>Objectif du Traitement des Donn\u00e9es<\/li>\n<li>Dur\u00e9e de Conservation des Donn\u00e9es<\/li>\n<li>Base Juridique du Traitement des Donn\u00e9es<\/li>\n<li>Divulgation des Donn\u00e9es<\/li>\n<li>Transferts Internationaux de Donn\u00e9es<\/li>\n<li>Vos Droits<\/li>\n<li>Obtention de Vos Donn\u00e9es<\/li>\n<\/ul>\n<p><strong><br \/>Qui est responsable du traitement de vos donn\u00e9es ?<\/strong><\/p>\n<p>Raz\u00f3n social:\u00a0 \u00a0 \u00a0 \u00a0 \u00a0 \u00a0 \u00a0 \u00a0 \u00a0 \u00a0 KAKIGORYS CORO, S.L.<br \/>Nom Commercial : MUSICGATES<br \/>NIF:\u00a0 \u00a0 \u00a0 \u00a0 \u00a0 \u00a0 \u00a0 \u00a0 \u00a0 \u00a0 \u00a0 \u00a0 \u00a0 \u00a0 \u00a0 \u00a0 \u00a0 \u00a0 \u00a0B-55271043<br \/>Direcci\u00f3n postal:\u00a0 \u00a0 \u00a0 \u00a0 \u00a0 \u00a0 \u00a0 C\/ Camp de Mart 4, local 2b, 17001 Girona.<br \/>T\u00e9l\u00e9phone : +34 972 01 76 65<br \/>Adresse Email :\u00a0 \u00a0 \u00a0 \u00a0 \u00a0 \u00a0<a href=\"mailto:info@musicgates.es\">info@musicgates.es<br \/><\/a><\/p>\n<p><strong><br \/>\u00c0 quelles fins traitons-nous vos donn\u00e9es personnelles ?<br \/><\/strong><\/p>\n<p>En KAKIGORYS CORO, S.L. tratamos datos de contacto profesional con las siguientes finalidades, en funci\u00f3n del motivo por el que nos los haya facilitado:<\/p>\n<ol>\n<li>G\u00e9rer les donn\u00e9es fournies directement par la personne concern\u00e9e, en tant que professionnel ou repr\u00e9sentant de son entreprise, pour l\u2019informer sur nos produits et services, r\u00e9pondre \u00e0 sa demande, requ\u00eate ou interrogation, et effectuer un suivi ult\u00e9rieur.<\/li>\n<li>G\u00e9rer les donn\u00e9es fournies par le client lors de la souscription de nos services, au niveau organisationnel, comptable, fiscal et administratif, ainsi que l\u2019informer sur les services, \u00e9v\u00e9nements et actualit\u00e9s li\u00e9s \u00e0 notre activit\u00e9 professionnelle pouvant l'int\u00e9resser.<\/li>\n<li>G\u00e9rer les donn\u00e9es professionnelles de l'UTILISATEUR pour sa participation aux divers \u00e9v\u00e9nements et activit\u00e9s que nous organisons et pour lesquels il nous a autoris\u00e9s \u00e0 l\u2019informer sur d\u2019autres activit\u00e9s ou \u00e9v\u00e9nements que nous pourrions organiser et qui pourraient l'int\u00e9resser.<\/li>\n<li>Envoyer, s\u2019il s\u2019est abonn\u00e9 \u00e0 nos Newsletters, celles-ci en traitant les donn\u00e9es fournies pour les envoyer.<\/li>\n<li>Cr\u00e9er, le cas \u00e9ch\u00e9ant, le profil de l'UTILISATEUR pour lui proposer nos produits et services.<\/li>\n<\/ol>\n<p><strong><br \/>Pendant combien de temps conservons-nous vos donn\u00e9es ?<\/strong><\/p>\n<ul>\n<li>Donn\u00e9es de Relation Client et de Facturation : Les donn\u00e9es pour g\u00e9rer\u00a0<strong>la relation client et la facturation et le paiement des services<\/strong>seront conserv\u00e9es aussi longtemps que le contrat sera en vigueur. Une fois cette relation termin\u00e9e, les donn\u00e9es peuvent \u00eatre conserv\u00e9es pendant le temps requis par la loi applicable et jusqu\u2019\u00e0 l\u2019expiration des responsabilit\u00e9s d\u00e9coulant du contrat.<\/li>\n<li>Donn\u00e9es de Commentaires sur les Produits : Les donn\u00e9es li\u00e9es \u00e0 la\u00a0<strong>publication de commentaires\t&nbsp;<\/strong>sur nos produits seront conserv\u00e9es pendant la validit\u00e9 et la publicit\u00e9 des produits ou services auxquels elles se r\u00e9f\u00e8rent, sauf si vous souhaitez leur suppression \u00e0 tout moment.<\/li>\n<li>Donn\u00e9es de Participation \u00e0 des \u00c9v\u00e9nements : Les donn\u00e9es pour la\u00a0<strong>participation \u00e0 des \u00e9v\u00e9nements et activit\u00e9s <\/strong>seront conserv\u00e9es pendant le temps n\u00e9cessaire aux fins d\u00e9crites, sauf si vous avez fait objection au traitement de celles-ci ou les avez supprim\u00e9es plus t\u00f4t.<\/li>\n<li>Donn\u00e9es de Newsletter : Les donn\u00e9es pour l\u2019envoi de <strong>Newsletters<\/strong> seront conserv\u00e9es ind\u00e9finiment jusqu'\u00e0 ce que, le cas \u00e9ch\u00e9ant, vous exprimez le souhait de les supprimer.<\/li>\n<li>Donn\u00e9es de Newsletter : Les donn\u00e9es pour l\u2019envoi de\u00a0<strong>de communications commerciales et la cr\u00e9ation de profils commerciaux <\/strong>de nos produits ou services seront conserv\u00e9es ind\u00e9finiment jusqu'\u00e0 ce que, le cas \u00e9ch\u00e9ant, vous exprimiez le souhait de les supprimer.<\/li>\n<\/ul>\n<p><strong><br \/>Quelle est la base juridique du traitement de vos donn\u00e9es ?<\/strong><\/p>\n<ul>\n<li>Ex\u00e9cution contractuelle : La base juridique du traitement de vos donn\u00e9es pour les finalit\u00e9s 1-3 est <u>ex\u00e9cution contractuelle de la prestation de services.<\/u><\/li>\n<li>Int\u00e9r\u00eat L\u00e9gitime : L\u2019offre prospective de produits et services aux clients est bas\u00e9e sur <u>l\u2019int\u00e9r\u00eat commercial l\u00e9gitime<\/u> d\u2019offrir \u00e0 nos clients la souscription d'autres produits ou services et ainsi de les fid\u00e9liser. Cet int\u00e9r\u00eat l\u00e9gitime est reconnu par la r\u00e9glementation l\u00e9gale applicable (R\u00e8glement G\u00e9n\u00e9ral sur la Protection des Donn\u00e9es), qui permet express\u00e9ment le traitement des donn\u00e9es personnelles sur cette base l\u00e9gale \u00e0 des fins de marketing direct.<\/li>\n<\/ul>\n<p>Cependant, nous vous rappelons que vous avez le droit de vous opposer \u00e0 ce traitement de vos donn\u00e9es, ce que vous pouvez faire par tout moyen d\u00e9crit dans cette Politique.<\/p>\n<ul>\n<li>Consentement : La base pour l\u2019envoi de communications commerciales aux utilisateurs non clients est <u>le consentement<\/u> demand\u00e9, qui peut \u00eatre r\u00e9voqu\u00e9 \u00e0 tout moment. Le retrait de ce consentement n\u2019affectera en rien l\u2019ex\u00e9cution<br \/>du contrat, mais les traitements de donn\u00e9es effectu\u00e9s pr\u00e9c\u00e9demment ne perdront pas leur l\u00e9galit\u00e9 en raison du retrait du consentement.<\/li>\n<\/ul>\n<p><strong><br \/>\u00c0 qui vos donn\u00e9es seront-elles communiqu\u00e9es ?<\/strong><\/p>\n<p>Les donn\u00e9es ne seront pas communiqu\u00e9es \u00e0 des tiers sauf \u00e0 :<\/p>\n<ul>\n<li>\u00c0 <strong>Soci\u00e9t\u00e9s du Groupe<\/strong>.<\/li>\n<li>\u00c0\u00a0<strong>Entit\u00e9s Financi\u00e8res<\/strong>:\u00a0Par lesquelles est articul\u00e9e la gestion des encaissements et paiements<\/li>\n<li>\u00c0\u00a0<strong>Administrations Publiques Comp\u00e9tentes<\/strong>: \u00a0Dans les cas pr\u00e9vus par la loi et pour les finalit\u00e9s d\u00e9finies par celle-ci.<\/li>\n<\/ul>\n<p><strong><br \/>Y a-t-il des transferts de donn\u00e9es vers des pays tiers ?<\/strong><\/p>\n<p>Aucun transfert international de donn\u00e9es n'est effectu\u00e9.<\/p>\n<p><strong>Quels sont vos droits lorsque vous nous fournissez vos donn\u00e9es ?<\/strong><\/p>\n<ul>\n<li>Cualquier persona tiene derecho a obtener confirmaci\u00f3n sobre si en KAKIGORYS CORO, S.L. estamos tratando datos personales que les conciernan, o no.<\/li>\n<li>Droit d'Acc\u00e8s et de Rectification : Les personnes concern\u00e9es ont le droit d'acc\u00e9der \u00e0 leurs donn\u00e9es personnelles et de demander la rectification des donn\u00e9es inexactes ou, le cas \u00e9ch\u00e9ant, leur suppression lorsque, entre autres raisons, les donn\u00e9es ne sont plus n\u00e9cessaires aux fins pour lesquelles elles ont \u00e9t\u00e9 collect\u00e9es.<\/li>\n<li>Droit de Limitation et de Portabilit\u00e9 : Dans certaines circonstances, les personnes concern\u00e9es peuvent demander la limitation du traitement de leurs donn\u00e9es ou leur portabilit\u00e9. Dans ce cas, nous ne les conserverons que pour l'exercice ou la d\u00e9fense de r\u00e9clamations.<\/li>\n<li>En determinadas circunstancias y por motivos relacionados con su situaci\u00f3n particular, los interesados podr\u00e1n oponerse al tratamiento de sus datos. En este caso, KAKIGORYS CORO, S.L. dejar\u00e1 de tratar los datos, excepto por motivos leg\u00edtimos imperiosos, o el ejercicio o la defensa de posibles reclamaciones.<\/li>\n<\/ul>\n<p>Exercer Vos Droits :<\/p>\n<p>Par Email : Vous pouvez exercer vos droits en envoyant un email avec une copie de votre pi\u00e8ce d'identit\u00e9 \u00e0 : <a href=\"mailto:info@musicgates.es\">info@musicgates.es<\/a><\/p>\n<p>Formulaires de demande : \u00c0 l'adresse email indiqu\u00e9e, nous fournirons les formulaires correspondants pour exercer ces droits.<\/p>\n<ul>\n<li>Retrait du consentement : Si vous avez donn\u00e9 votre consentement pour une finalit\u00e9 sp\u00e9cifique, vous avez le droit de retirer ce consentement \u00e0 tout moment, sans affecter la l\u00e9galit\u00e9 du traitement bas\u00e9 sur le consentement avant son retrait.<\/li>\n<li>D\u00e9poser une r\u00e9clamation : Si vous estimez que vos droits relatifs \u00e0 la protection de vos donn\u00e9es personnelles ont \u00e9t\u00e9 viol\u00e9s, en particulier lorsque vous n'avez pas obtenu satisfaction dans l'exercice de vos droits, vous pouvez d\u00e9poser une r\u00e9clamation aupr\u00e8s de l'Autorit\u00e9 de Protection des Donn\u00e9es via son site web : <a href=\"http:\/\/www.agpd.es\/\" target=\"_blank\" rel=\"noopener\">agpd.es<\/a>.<\/li>\n<\/ul>\n<p><strong><br \/>Comment avons-nous obtenu vos donn\u00e9es ?<\/strong><\/p>\n<ul>\n<li>Los datos personales que tratamos en KAKIGORYS CORO, S.L. proceden de los propios interesados o su Representante legal.<\/li>\n<li>Donn\u00e9es de Tiers : Nous vous rappelons de ne pas fournir de donn\u00e9es de tiers sauf si vous avez leur consentement et les avez inform\u00e9s au pr\u00e9alable.<\/li>\n<li>Cat\u00e9gories Particuli\u00e8res de Donn\u00e9es : Nous ne traitons pas de cat\u00e9gories particuli\u00e8res de donn\u00e9es personnelles (c'est-\u00e0-dire des donn\u00e9es r\u00e9v\u00e9lant l'origine raciale ou ethnique, les opinions politiques, les croyances religieuses ou philosophiques, ou l'appartenance syndicale, des donn\u00e9es g\u00e9n\u00e9tiques, des donn\u00e9es biom\u00e9triques visant \u00e0 identifier de mani\u00e8re unique une personne physique, des donn\u00e9es concernant la sant\u00e9 ou des donn\u00e9es concernant la vie sexuelle ou l'orientation sexuelle d'une personne physique).<\/li>\n<\/ul>\n<\/div>\n<\/div>\n<\/div>\n<!-- \/wp:paragraph -->\t\t\t\t\t\t<\/div>\n\t\t\t\t<\/div>\n\t\t\t\t<\/div>\n\t\t\t\t<\/div>","protected":false},"excerpt":{"rendered":"<p>Pol\u00edtica de Privacidad En KAKIGORYS CORO, S.L. trabajamos para garantizar la privacidad en el tratamiento de sus datos personales. Hemos actualizado nuestra Pol\u00edtica de Privacidad para informar claramente de c\u00f3mo recabamos, utilizamos y custodiamos los datos de las personas que contactan con nuestra empresa: Responsable del tratamiento Finalidades del tratamiento de datos Periodo de conservaci\u00f3n [&hellip;]<\/p>","protected":false},"author":1,"featured_media":0,"parent":0,"menu_order":0,"comment_status":"closed","ping_status":"closed","template":"","meta":{"footnotes":""},"_links":{"self":[{"href":"https:\/\/www.musicgates.pro\/fr\/wp-json\/wp\/v2\/pages\/3"}],"collection":[{"href":"https:\/\/www.musicgates.pro\/fr\/wp-json\/wp\/v2\/pages"}],"about":[{"href":"https:\/\/www.musicgates.pro\/fr\/wp-json\/wp\/v2\/types\/page"}],"author":[{"embeddable":true,"href":"https:\/\/www.musicgates.pro\/fr\/wp-json\/wp\/v2\/users\/1"}],"replies":[{"embeddable":true,"href":"https:\/\/www.musicgates.pro\/fr\/wp-json\/wp\/v2\/comments?post=3"}],"version-history":[{"count":7,"href":"https:\/\/www.musicgates.pro\/fr\/wp-json\/wp\/v2\/pages\/3\/revisions"}],"predecessor-version":[{"id":1033,"href":"https:\/\/www.musicgates.pro\/fr\/wp-json\/wp\/v2\/pages\/3\/revisions\/1033"}],"wp:attachment":[{"href":"https:\/\/www.musicgates.pro\/fr\/wp-json\/wp\/v2\/media?parent=3"}],"curies":[{"name":"wp","href":"https:\/\/api.w.org\/{rel}","templated":true}]}}