{"id":33,"date":"2023-10-05T09:53:04","date_gmt":"2023-10-05T09:53:04","guid":{"rendered":"http:\/\/test.musicgates.es\/?page_id=33"},"modified":"2024-01-30T09:45:46","modified_gmt":"2024-01-30T08:45:46","slug":"servicios","status":"publish","type":"page","link":"https:\/\/www.musicgates.pro\/fr\/servicios\/","title":{"rendered":"Services"},"content":{"rendered":"<div data-elementor-type=\"wp-page\" data-elementor-id=\"33\" class=\"elementor elementor-33\" data-elementor-post-type=\"page\">\n\t\t\t\t<div class=\"elementor-element elementor-element-c66bb73 e-con-full e-flex e-con e-parent\" data-id=\"c66bb73\" data-element_type=\"container\" data-settings=\"{&quot;background_background&quot;:&quot;slideshow&quot;,&quot;background_slideshow_gallery&quot;:[{&quot;id&quot;:661,&quot;url&quot;:&quot;https:\\\/\\\/www.musicgates.pro\\\/wp-content\\\/uploads\\\/2024\\\/01\\\/4.jpg&quot;},{&quot;id&quot;:660,&quot;url&quot;:&quot;https:\\\/\\\/www.musicgates.pro\\\/wp-content\\\/uploads\\\/2024\\\/01\\\/3.jpg&quot;},{&quot;id&quot;:659,&quot;url&quot;:&quot;https:\\\/\\\/www.musicgates.pro\\\/wp-content\\\/uploads\\\/2024\\\/01\\\/2.jpg&quot;}],&quot;background_slideshow_slide_duration&quot;:4000,&quot;background_slideshow_loop&quot;:&quot;yes&quot;,&quot;background_slideshow_slide_transition&quot;:&quot;fade&quot;,&quot;background_slideshow_transition_duration&quot;:500}\">\n\t\t\t\t<div class=\"elementor-element elementor-element-cd0b47d elementor--h-position-center elementor--v-position-middle elementor-pagination-position-inside elementor-widget elementor-widget-slides\" data-id=\"cd0b47d\" data-element_type=\"widget\" data-settings=\"{&quot;navigation&quot;:&quot;dots&quot;,&quot;autoplay_speed&quot;:3000,&quot;autoplay&quot;:&quot;yes&quot;,&quot;pause_on_hover&quot;:&quot;yes&quot;,&quot;pause_on_interaction&quot;:&quot;yes&quot;,&quot;infinite&quot;:&quot;yes&quot;,&quot;transition&quot;:&quot;slide&quot;,&quot;transition_speed&quot;:500}\" data-widget_type=\"slides.default\">\n\t\t\t\t<div class=\"elementor-widget-container\">\n\t\t\t\t\t<div class=\"elementor-swiper\">\n\t\t\t<div class=\"elementor-slides-wrapper elementor-main-swiper swiper\" dir=\"ltr\" data-animation=\"fadeInLeft\">\n\t\t\t\t<div class=\"swiper-wrapper elementor-slides\">\n\t\t\t\t\t\t\t\t\t\t<div class=\"elementor-repeater-item-667abf2 swiper-slide\"><div class=\"swiper-slide-bg\" role=\"img\"><\/div><div class=\"swiper-slide-inner\" ><div class=\"swiper-slide-contents\"><div class=\"elementor-slide-heading\">Musique ininterrompue 24 heures sur 24, 7 jours sur 7<\/div><\/div><\/div><\/div><div class=\"elementor-repeater-item-991fed9 swiper-slide\"><div class=\"swiper-slide-bg\" role=\"img\"><\/div><div class=\"swiper-slide-inner\" ><div class=\"swiper-slide-contents\"><div class=\"elementor-slide-heading\">Catalogue international \u00e9tendu<\/div><\/div><\/div><\/div><div class=\"elementor-repeater-item-2f55534 swiper-slide\"><div class=\"swiper-slide-bg\" role=\"img\"><\/div><div class=\"swiper-slide-inner\" ><div class=\"swiper-slide-contents\"><div class=\"elementor-slide-heading\">Musique toujours mise \u00e0 jour<\/div><\/div><\/div><\/div><div class=\"elementor-repeater-item-4522d05 swiper-slide\"><div class=\"swiper-slide-bg\" role=\"img\"><\/div><div class=\"swiper-slide-inner\" ><div class=\"swiper-slide-contents\"><div class=\"elementor-slide-heading\">Audio de haute qualit\u00e9<\/div><\/div><\/div><\/div>\t\t\t\t<\/div>\n\t\t\t\t\t\t\t\t\t\t\t\t\t\t\t<div class=\"swiper-pagination\"><\/div>\n\t\t\t\t\t\t\t\t\t\t\t\t\t\t\t\t\t<\/div>\n\t\t<\/div>\n\t\t\t\t<\/div>\n\t\t\t\t<\/div>\n\t\t\t\t<\/div>\n\t\t<div class=\"elementor-element elementor-element-127ec46 e-con-full e-flex e-con e-parent\" data-id=\"127ec46\" data-element_type=\"container\" data-settings=\"{&quot;background_background&quot;:&quot;classic&quot;}\">\n\t\t<div class=\"elementor-element elementor-element-c51631d e-con-full e-flex e-con e-child\" data-id=\"c51631d\" data-element_type=\"container\">\n\t\t\t\t<div class=\"elementor-element elementor-element-68c7124 elementor-widget elementor-widget-heading\" data-id=\"68c7124\" data-element_type=\"widget\" data-widget_type=\"heading.default\">\n\t\t\t\t<div class=\"elementor-widget-container\">\n\t\t\t<h2 class=\"elementor-heading-title elementor-size-default\">Les avantages des cha\u00eenes<\/h2>\t\t<\/div>\n\t\t\t\t<\/div>\n\t\t\t\t<\/div>\n\t\t<div class=\"elementor-element elementor-element-c6af096 e-con-full e-flex e-con e-child\" data-id=\"c6af096\" data-element_type=\"container\">\n\t\t<div class=\"elementor-element elementor-element-b194df3 e-con-full e-flex e-con e-child\" data-id=\"b194df3\" data-element_type=\"container\">\n\t\t\t\t<div class=\"elementor-element elementor-element-66d1624 elementor-widget elementor-widget-text-editor\" data-id=\"66d1624\" data-element_type=\"widget\" data-widget_type=\"text-editor.default\">\n\t\t\t\t<div class=\"elementor-widget-container\">\n\t\t\t\t\t\t\t<p>Les sons harmoniques influencent directement et positivement nos \u00e9motions, transportant nos sens dans un \u00e9tat de s\u00e9r\u00e9nit\u00e9 et de bonheur. De nombreuses \u00e9tudes d\u00e9montrent que la musique am\u00e9liore la productivit\u00e9 et la cr\u00e9ativit\u00e9 des auditeurs en activant les parties artistiques et rationnelles du cerveau.<\/p>\t\t\t\t\t\t<\/div>\n\t\t\t\t<\/div>\n\t\t<div class=\"elementor-element elementor-element-710e968 e-flex e-con-boxed e-con e-child\" data-id=\"710e968\" data-element_type=\"container\">\n\t\t\t\t\t<div class=\"e-con-inner\">\n\t\t\t\t<div class=\"elementor-element elementor-element-29ed379 elementor-widget__width-initial elementor-widget-mobile__width-inherit elementor-icon-list--layout-traditional elementor-list-item-link-full_width elementor-widget elementor-widget-icon-list\" data-id=\"29ed379\" data-element_type=\"widget\" data-widget_type=\"icon-list.default\">\n\t\t\t\t<div class=\"elementor-widget-container\">\n\t\t\t\t\t<ul class=\"elementor-icon-list-items\">\n\t\t\t\t\t\t\t<li class=\"elementor-icon-list-item\">\n\t\t\t\t\t\t\t\t\t\t\t<span class=\"elementor-icon-list-icon\">\n\t\t\t\t\t\t\t<i aria-hidden=\"true\" class=\"fas fa-check\"><\/i>\t\t\t\t\t\t<\/span>\n\t\t\t\t\t\t\t\t\t\t<span class=\"elementor-icon-list-text\">Aide les clients \u00e0 s'identifier \u00e0 la marque de l'entreprise<\/span>\n\t\t\t\t\t\t\t\t\t<\/li>\n\t\t\t\t\t\t\t\t<li class=\"elementor-icon-list-item\">\n\t\t\t\t\t\t\t\t\t\t\t<span class=\"elementor-icon-list-icon\">\n\t\t\t\t\t\t\t<i aria-hidden=\"true\" class=\"fas fa-hand-holding-heart\"><\/i>\t\t\t\t\t\t<\/span>\n\t\t\t\t\t\t\t\t\t\t<span class=\"elementor-icon-list-text\">Cr\u00e9e une atmosph\u00e8re agr\u00e9able et accueillante<\/span>\n\t\t\t\t\t\t\t\t\t<\/li>\n\t\t\t\t\t\t\t\t<li class=\"elementor-icon-list-item\">\n\t\t\t\t\t\t\t\t\t\t\t<span class=\"elementor-icon-list-icon\">\n\t\t\t\t\t\t\t<i aria-hidden=\"true\" class=\"fas fa-eye\"><\/i>\t\t\t\t\t\t<\/span>\n\t\t\t\t\t\t\t\t\t\t<span class=\"elementor-icon-list-text\">D\u00e9marque l'entreprise de ses concurrents<\/span>\n\t\t\t\t\t\t\t\t\t<\/li>\n\t\t\t\t\t\t<\/ul>\n\t\t\t\t<\/div>\n\t\t\t\t<\/div>\n\t\t\t\t<div class=\"elementor-element elementor-element-1f981c9 elementor-widget__width-initial elementor-widget-mobile__width-inherit elementor-icon-list--layout-traditional elementor-list-item-link-full_width elementor-widget elementor-widget-icon-list\" data-id=\"1f981c9\" data-element_type=\"widget\" data-widget_type=\"icon-list.default\">\n\t\t\t\t<div class=\"elementor-widget-container\">\n\t\t\t\t\t<ul class=\"elementor-icon-list-items\">\n\t\t\t\t\t\t\t<li class=\"elementor-icon-list-item\">\n\t\t\t\t\t\t\t\t\t\t\t<span class=\"elementor-icon-list-icon\">\n\t\t\t\t\t\t\t<i aria-hidden=\"true\" class=\"fas fa-shopping-basket\"><\/i>\t\t\t\t\t\t<\/span>\n\t\t\t\t\t\t\t\t\t\t<span class=\"elementor-icon-list-text\">Stimule les d\u00e9cisions d'achat<\/span>\n\t\t\t\t\t\t\t\t\t<\/li>\n\t\t\t\t\t\t\t\t<li class=\"elementor-icon-list-item\">\n\t\t\t\t\t\t\t\t\t\t\t<span class=\"elementor-icon-list-icon\">\n\t\t\t\t\t\t\t<i aria-hidden=\"true\" class=\"fas fa-brain\"><\/i>\t\t\t\t\t\t<\/span>\n\t\t\t\t\t\t\t\t\t\t<span class=\"elementor-icon-list-text\">Facilite la concentration lors de l'exp\u00e9rience d'achat<\/span>\n\t\t\t\t\t\t\t\t\t<\/li>\n\t\t\t\t\t\t\t\t<li class=\"elementor-icon-list-item\">\n\t\t\t\t\t\t\t\t\t\t\t<span class=\"elementor-icon-list-icon\">\n\t\t\t\t\t\t\t<i aria-hidden=\"true\" class=\"fas fa-user-plus\"><\/i>\t\t\t\t\t\t<\/span>\n\t\t\t\t\t\t\t\t\t\t<span class=\"elementor-icon-list-text\">Favorise la fid\u00e9lisation des clients<\/span>\n\t\t\t\t\t\t\t\t\t<\/li>\n\t\t\t\t\t\t<\/ul>\n\t\t\t\t<\/div>\n\t\t\t\t<\/div>\n\t\t\t\t\t<\/div>\n\t\t\t\t<\/div>\n\t\t\t\t<\/div>\n\t\t\t\t<\/div>\n\t\t\t\t<\/div>\n\t\t<div class=\"elementor-element elementor-element-b1319ea e-con-full e-flex e-con e-parent\" data-id=\"b1319ea\" data-element_type=\"container\">\n\t\t<div class=\"elementor-element elementor-element-2f90ab2 e-con-full e-flex e-con e-child\" data-id=\"2f90ab2\" data-element_type=\"container\">\n\t\t\t\t<div class=\"elementor-element elementor-element-847952c elementor-widget elementor-widget-heading\" data-id=\"847952c\" data-element_type=\"widget\" data-widget_type=\"heading.default\">\n\t\t\t\t<div class=\"elementor-widget-container\">\n\t\t\t<h2 class=\"elementor-heading-title elementor-size-default\">Services : Que incluent nos plans ?<\/h2>\t\t<\/div>\n\t\t\t\t<\/div>\n\t\t\t\t<\/div>\n\t\t<div class=\"elementor-element elementor-element-910cfdc e-con-full e-flex e-con e-child\" data-id=\"910cfdc\" data-element_type=\"container\">\n\t\t<div class=\"elementor-element elementor-element-3011bee e-con-full e-flex e-con e-child\" data-id=\"3011bee\" data-element_type=\"container\">\n\t\t\t\t<div class=\"elementor-element elementor-element-8c02a9b elementor-widget elementor-widget-text-editor\" data-id=\"8c02a9b\" data-element_type=\"widget\" data-widget_type=\"text-editor.default\">\n\t\t\t\t<div class=\"elementor-widget-container\">\n\t\t\t\t\t\t\t<ul><li>Musique de fond accessible depuis tout appareil connect\u00e9 \u00e0 Internet sans installation pr\u00e9alable.<\/li><li>Catalogue musical alternatif aux entit\u00e9s actuelles comme la SGAE, la SIAE, la SACEM, etc.<\/li><li>Catalogue international \u00e9tendu d'auteurs ind\u00e9pendants, d'\u00e9diteurs et de producteurs de disques.<\/li><li>Plus de 50 000 chansons ajout\u00e9es chaque mois, s\u00e9lectionn\u00e9es par des chercheurs acad\u00e9miques.<\/li><li>Canaux distincts pour diff\u00e9rents styles musicaux.<\/li><li>Lecture continue de musique (24\/7).<\/li><li>Aucune coupure ni silence entre les chansons.<\/li><li>Niveau sonore constant.<\/li><li>Audio de haute qualit\u00e9.<\/li><li>Mises \u00e0 jour musicales constantes.<\/li><\/ul>\t\t\t\t\t\t<\/div>\n\t\t\t\t<\/div>\n\t\t\t\t<\/div>\n\t\t\t\t<\/div>\n\t\t\t\t<\/div>\n\t\t\t\t<\/div>","protected":false},"excerpt":{"rendered":"<p>M\u00fasica ininterrumpida 24\/7Amplio cat\u00e1logo internacionalM\u00fasica en constante actualizaci\u00f3nAudio de alta calidad Beneficios de los canales Los sonidos arm\u00f3nicos afectan directa y positivamente en nuestras emociones, transportando nuestros sentidos hacia un estado de serenidad y felicidad. Son muchos los estudios que demuestran que la m\u00fasica aumenta la productividad y creatividad del oyente porque se activa la [&hellip;]<\/p>","protected":false},"author":1,"featured_media":0,"parent":0,"menu_order":0,"comment_status":"closed","ping_status":"closed","template":"","meta":{"footnotes":""},"_links":{"self":[{"href":"https:\/\/www.musicgates.pro\/fr\/wp-json\/wp\/v2\/pages\/33"}],"collection":[{"href":"https:\/\/www.musicgates.pro\/fr\/wp-json\/wp\/v2\/pages"}],"about":[{"href":"https:\/\/www.musicgates.pro\/fr\/wp-json\/wp\/v2\/types\/page"}],"author":[{"embeddable":true,"href":"https:\/\/www.musicgates.pro\/fr\/wp-json\/wp\/v2\/users\/1"}],"replies":[{"embeddable":true,"href":"https:\/\/www.musicgates.pro\/fr\/wp-json\/wp\/v2\/comments?post=33"}],"version-history":[{"count":25,"href":"https:\/\/www.musicgates.pro\/fr\/wp-json\/wp\/v2\/pages\/33\/revisions"}],"predecessor-version":[{"id":751,"href":"https:\/\/www.musicgates.pro\/fr\/wp-json\/wp\/v2\/pages\/33\/revisions\/751"}],"wp:attachment":[{"href":"https:\/\/www.musicgates.pro\/fr\/wp-json\/wp\/v2\/media?parent=33"}],"curies":[{"name":"wp","href":"https:\/\/api.w.org\/{rel}","templated":true}]}}