{"id":815,"date":"2024-01-30T11:00:48","date_gmt":"2024-01-30T10:00:48","guid":{"rendered":"https:\/\/test.musicgates.es\/?page_id=815"},"modified":"2025-10-07T13:20:03","modified_gmt":"2025-10-07T11:20:03","slug":"aviso-legal","status":"publish","type":"page","link":"https:\/\/www.musicgates.pro\/fr\/aviso-legal\/","title":{"rendered":"Aviso Legal"},"content":{"rendered":"<div data-elementor-type=\"wp-page\" data-elementor-id=\"815\" class=\"elementor elementor-815\" data-elementor-post-type=\"page\">\n\t\t\t\t<div class=\"elementor-element elementor-element-98c47db e-con-full e-flex e-con e-parent\" data-id=\"98c47db\" data-element_type=\"container\">\n\t\t\t\t<div class=\"elementor-element elementor-element-3288b59 elementor-widget elementor-widget-text-editor\" data-id=\"3288b59\" data-element_type=\"widget\" data-widget_type=\"text-editor.default\">\n\t\t\t\t<div class=\"elementor-widget-container\">\n\t\t\t\t\t\t\t<p><!-- wp:heading --><\/p>\n<div id=\"page-top\">\n<div class=\"inner\">\n<div id=\"page-top\">\n<div class=\"inner\">\n<h4 class=\"page-title\">Mentions l\u00e9gales<\/h4>\n<\/div>\n<\/div>\n<div id=\"content\">\n<div class=\"inner\">\n<div id=\"main\">\n<ol>\n<li><b>OBJET<\/b><\/li>\n<\/ol>\n<p>Le pr\u00e9sent avis juridique r\u00e9gule l'utilisation du site web <a href=\"https:\/\/www.musicgates.pro\/fr\/\">www.musicgates.pro<\/a> del que es titular KAKIGORYS CORO, S.L. (en adelante, EL PROPIETARIO DE LA WEB).<\/p>\n<p>La navigation sur le site web du PROPRI\u00c9TAIRE DU SITE WEB vous conf\u00e8re le statut d'UTILISATEUR et implique l'acceptation pleine et inconditionnelle de toutes et chacune des conditions publi\u00e9es dans cet avis juridique, en avertissant que ces conditions peuvent \u00eatre modifi\u00e9es sans pr\u00e9avis par LE PROPRI\u00c9TAIRE DU SITE WEB, auquel cas elles seront publi\u00e9es et notifi\u00e9es avec autant de pr\u00e9avis que possible.<\/p>\n<p>Il est donc conseill\u00e9 de lire attentivement son contenu si vous souhaitez acc\u00e9der et utiliser les informations et services propos\u00e9s par ce site web.<\/p>\n<p>De plus, l'utilisateur s'engage \u00e0 utiliser correctement le site web conform\u00e9ment aux lois, \u00e0 la bonne foi, \u00e0 l'ordre public, aux coutumes du trafic et \u00e0 cet avis juridique, et sera responsable envers LE PROPRI\u00c9TAIRE DU SITE WEB ou des tiers pour tout dommage pouvant r\u00e9sulter du non-respect de cette obligation.<\/p>\n<p>Toute utilisation autre que celle autoris\u00e9e est express\u00e9ment interdite, et LE PROPRI\u00c9TAIRE DU SITE WEB peut refuser ou retirer l'acc\u00e8s et l'utilisation \u00e0 tout moment.<\/p>\n<ol start=\"2\">\n<li><strong>IDENTIFICATION\u00a0<\/strong><\/li>\n<\/ol>\n<p>LE PROPRI\u00c9TAIRE DU SITE WEB, en conformit\u00e9 avec la Loi 34\/2002, du 11 juillet, sur les Services de la Soci\u00e9t\u00e9 de l'Information et le Commerce \u00c9lectronique, vous informe que :<\/p>\n<ul>\n<li>Su denominaci\u00f3n social es: KAKIGORYS CORO, S.L.<\/li>\n<li>Su CIF es: B-55271043<\/li>\n<li>Su domicilio social est\u00e1 en: C\/ Camp de Mart 4, local 2b, 17001 Girona<\/li>\n<li>Elle est inscrite au Registre du Commerce de G\u00e9rone, volume 2986, folio 165, section 8, page GI 56737, inscription 1\u00e8re.<\/li>\n<\/ul>\n<p>\u00a0<\/p>\n<ol start=\"3\">\n<li><strong>COMMUNICATIONS<\/strong><\/li>\n<\/ol>\n<p>Pour nous contacter, nous mettons \u00e0 votre disposition diff\u00e9rents moyens de contact d\u00e9taill\u00e9s ci-dessous :<\/p>\n<ul>\n<li>: +34 972 017 665<\/li>\n<li>Email : <a href=\"mailto:info@musicgates.es\">info@musicgates.es<\/a><\/li>\n<\/ul>\n<p>Toutes les notifications et communications entre les utilisateurs et LE PROPRI\u00c9TAIRE DU SITE WEB seront consid\u00e9r\u00e9es comme effectives, \u00e0 toutes fins, lorsqu'elles sont effectu\u00e9es par l'un des moyens susmentionn\u00e9s.<\/p>\n<ol start=\"4\">\n<li><strong>CONDITIONS D'ACC\u00c8S ET D'UTILISATION<\/strong><\/li>\n<\/ol>\n<p>Le site web et ses services sont d'acc\u00e8s libre et gratuit. Cependant, LE PROPRI\u00c9TAIRE DU SITE WEB peut soumettre l'utilisation de certains des services offerts sur son site web \u00e0 la pr\u00e9alable r\u00e9alisation du formulaire correspondant.<\/p>\n<p>L'utilisateur garantit l'authenticit\u00e9 et l'actualit\u00e9 de toutes les donn\u00e9es communiqu\u00e9es au PROPRI\u00c9TAIRE DU SITE WEB et sera seul responsable de toute d\u00e9claration fausse ou inexacte effectu\u00e9e.<\/p>\n<p>L'utilisateur s'engage express\u00e9ment \u00e0 utiliser correctement les contenus et services du PROPRI\u00c9TAIRE DU SITE WEB et \u00e0 ne pas les utiliser pour, entre autres :<\/p>\n<ol>\n<li>Diffuser des contenus ill\u00e9gaux, violents, pornographiques, racistes, x\u00e9nophobes, offensants, d'apologie du terrorisme, ou, en g\u00e9n\u00e9ral, contraires \u00e0 la loi ou \u00e0 l'ordre public.<\/li>\n<li>Introduire des virus informatiques ou r\u00e9aliser des actions susceptibles de modifier, d'endommager, d'interrompre ou de g\u00e9n\u00e9rer des erreurs ou des dommages dans les documents \u00e9lectroniques, les donn\u00e9es ou les syst\u00e8mes physiques et logiques du PROPRI\u00c9TAIRE DU SITE WEB ou de tiers ; ainsi que g\u00eaner l'acc\u00e8s d'autres utilisateurs au site web et \u00e0 ses services par la consommation massive de ressources informatiques par lesquelles LE PROPRI\u00c9TAIRE DU SITE WEB fournit ses services.<\/li>\n<li>Tenter d'acc\u00e9der aux bo\u00eetes email d'autres utilisateurs ou \u00e0 des zones restreintes des syst\u00e8mes informatiques du PROPRI\u00c9TAIRE DU SITE WEB ou de tiers et, le cas \u00e9ch\u00e9ant, extraire des informations.<\/li>\n<li>Violer les droits de propri\u00e9t\u00e9 intellectuelle ou industrielle, ainsi que violer la confidentialit\u00e9 de l'information du PROPRI\u00c9TAIRE DU SITE WEB ou de tiers.<\/li>\n<li>Usurper l'identit\u00e9 de tout autre utilisateur.<\/li>\n<li>Reproduire, copier, distribuer, mettre \u00e0 disposition ou toute autre forme de communication publique, transformer ou modifier les contenus, sauf si autoris\u00e9 par le titulaire des droits correspondants ou l\u00e9galement permis.<\/li>\n<li>Collecter des donn\u00e9es \u00e0 des fins publicitaires et envoyer des publicit\u00e9s de toute nature et des communications \u00e0 des fins commerciales ou autres sans demande pr\u00e9alable ou consentement.<\/li>\n<\/ol>\n<p>Tous les contenus du site web, tels que les textes, photographies, graphiques, images, ic\u00f4nes, technologie, logiciels, ainsi que son design graphique et son code source, constituent une \u0153uvre propri\u00e9t\u00e9 du PROPRI\u00c9TAIRE DU SITE WEB, sans que l'utilisateur puisse comprendre qu'il lui est conc\u00e9d\u00e9 aucun droit de les exploiter au-del\u00e0 de ce qui est strictement n\u00e9cessaire pour une utilisation correcte du site web.<\/p>\n<p>En bref, les utilisateurs qui acc\u00e8dent \u00e0 ce site web peuvent visualiser les contenus et, le cas \u00e9ch\u00e9ant, effectuer des copies priv\u00e9es autoris\u00e9es, \u00e0 condition que les \u00e9l\u00e9ments reproduits ne soient pas ult\u00e9rieurement transf\u00e9r\u00e9s \u00e0 des tiers, ni install\u00e9s sur des serveurs connect\u00e9s \u00e0 des r\u00e9seaux, ni soumis \u00e0 aucune forme d'exploitation.<\/p>\n<p>En outre, toutes les marques, noms commerciaux ou signes distinctifs de toute nature qui apparaissent sur le site web sont la propri\u00e9t\u00e9 du PROPRI\u00c9TAIRE DU SITE WEB, sans que l'acc\u00e8s ou l'utilisation de ceux-ci ne conf\u00e8re \u00e0 l'utilisateur aucun droit sur eux.<\/p>\n<p>La distribution, la modification, le transfert ou la communication publique des contenus et tout autre acte non express\u00e9ment autoris\u00e9 par le titulaire des droits d'exploitation sont interdits.<\/p>\n<p>L'\u00e9tablissement d'un hyperlien n'implique en aucun cas l'existence de relations entre LE PROPRI\u00c9TAIRE DU SITE WEB et le propri\u00e9taire du site web sur lequel il est \u00e9tabli, ni l'acceptation et l'approbation par LE PROPRI\u00c9TAIRE DU SITE WEB de ses contenus ou services.<\/p>\n<p>LE PROPRI\u00c9TAIRE DU SITE WEB n'est pas responsable de l'utilisation que chaque utilisateur fait des mat\u00e9riaux mis \u00e0 disposition sur ce site web ni des actions prises sur la base de ceux-ci.<\/p>\n<ul>\n<li><strong>EXCLUSION DE GARANTIES ET DE RESPONSABILIT\u00c9 DANS L'ACC\u00c8S ET L'UTILISATION<\/strong><\/li>\n<\/ul>\n<p>Le contenu de ce site web est de nature g\u00e9n\u00e9rale et a un but informatif uniquement, sans garantir pleinement l'acc\u00e8s \u00e0 tous les contenus, ni leur exhaustivit\u00e9, exactitude, validit\u00e9 ou actualit\u00e9, ni leur ad\u00e9quation ou utilit\u00e9 pour un but sp\u00e9cifique.<\/p>\n<p>LE PROPRI\u00c9TAIRE DU SITE WEB exclut, dans la mesure permise par la loi, toute responsabilit\u00e9 pour les dommages de toute nature d\u00e9coulant de :<\/p>\n<ol>\n<li>L'impossibilit\u00e9 d'acc\u00e9der au site web ou le manque de v\u00e9racit\u00e9, d'exactitude, d'exhaustivit\u00e9 et\/ou d'actualit\u00e9 des contenus, ainsi que l'existence de d\u00e9fauts et de vices de toute nature dans les contenus transmis, diffus\u00e9s, archiv\u00e9s ou mis \u00e0 disposition, auxquels on a acc\u00e9d\u00e9 par le biais du site web ou des services offerts.<\/li>\n<li>La pr\u00e9sence de virus ou d'autres \u00e9l\u00e9ments dans les contenus pouvant provoquer des alt\u00e9rations dans les syst\u00e8mes informatiques, les documents \u00e9lectroniques ou les donn\u00e9es des utilisateurs.<\/li>\n<li>La violation des lois, de la bonne foi, de l'ordre public, des usages du trafic et de cet avis juridique en raison d'une utilisation incorrecte du site web. En particulier, \u00e0 titre d'exemple, LE PROPRI\u00c9TAIRE DU SITE WEB n'est pas responsable des actions de tiers qui violent les droits de propri\u00e9t\u00e9 intellectuelle et industrielle, les secrets d'affaires, les droits \u00e0 l'honneur, \u00e0 l'intimit\u00e9 personnelle et familiale et \u00e0 l'image elle-m\u00eame, ainsi que les r\u00e9glementations sur la concurrence d\u00e9loyale et la publicit\u00e9 illicite.<\/li>\n<\/ol>\n<p><br \/>En outre, LE PROPRI\u00c9TAIRE DU SITE WEB d\u00e9cline toute responsabilit\u00e9 quant aux informations se trouvant en dehors de ce site web et non g\u00e9r\u00e9es directement par notre webmaster. La fonction des liens pr\u00e9sents sur ce site web est uniquement d'informer l'utilisateur de l'existence d'autres sources susceptibles d'\u00e9largir le contenu offert par ce site web. LE PROPRI\u00c9TAIRE DU SITE WEB ne garantit ni n'assume la responsabilit\u00e9 du fonctionnement ou de l'accessibilit\u00e9 des sites li\u00e9s ; ni ne sugg\u00e8re, invite ou recommande de les visiter, par cons\u00e9quent il ne sera pas responsable des r\u00e9sultats obtenus. LE PROPRI\u00c9TAIRE DU SITE WEB n'assume aucune responsabilit\u00e9 pour l'\u00e9tablissement d'hyperliens par des tiers.<\/p>\n<ul>\n<li><strong>PROC\u00c9DURE EN CAS D'ACTIVIT\u00c9S ILLICITES<\/strong><\/li>\n<\/ul>\n<p>Dans le cas o\u00f9 un utilisateur ou un tiers consid\u00e9rerait qu'il existe des faits ou des circonstances r\u00e9v\u00e9lant le caract\u00e8re illicite de l'utilisation de tout contenu et\/ou de la r\u00e9alisation de toute activit\u00e9 sur les pages web incluses ou accessibles \u00e0 travers le site web, il doit envoyer une notification au PROPRI\u00c9TAIRE DU SITE WEB en s'identifiant correctement et en pr\u00e9cisant les violations pr\u00e9sum\u00e9es.<\/p>\n<ul>\n<li><strong>PUBLICATIONS<\/strong><\/li>\n<\/ul>\n<p>Les informations administratives fournies par le biais du site web ne remplacent pas la publicit\u00e9 l\u00e9gale des lois, r\u00e8glements, plans, dispositions g\u00e9n\u00e9rales et actes qui doivent \u00eatre publi\u00e9s formellement dans les journaux officiels des administrations publiques, qui sont le seul instrument attestant de leur authenticit\u00e9 et de leur contenu. Les informations disponibles sur ce site web doivent \u00eatre consid\u00e9r\u00e9es comme un guide sans validit\u00e9 l\u00e9gale.<\/p>\n<ol start=\"5\">\n<li><strong>L\u00c9GISLATION APPLICABLE<\/strong><\/li>\n<\/ol>\n<p>Ces conditions seront r\u00e9gies par la l\u00e9gislation espagnole en vigueur.<\/p>\n<p>La langue utilis\u00e9e sera l'espagnol.<\/p>\n<\/div>\n<\/div>\n<\/div>\n<\/div>\n<\/div>\n<p><!-- \/wp:paragraph --><\/p>\t\t\t\t\t\t<\/div>\n\t\t\t\t<\/div>\n\t\t\t\t<\/div>\n\t\t\t\t<\/div>","protected":false},"excerpt":{"rendered":"<p>Aviso legal OBJETO El presente aviso legal regula el uso y utilizaci\u00f3n del sitio web www.musicgates.pro del que es titular KAKIGORYS CORO, S.L. (en adelante, EL PROPIETARIO DE LA WEB). La navegaci\u00f3n por el sitio web de EL PROPIETARIO DE LA WEB le atribuye la condici\u00f3n de USUARIO del mismo y conlleva su aceptaci\u00f3n plena [&hellip;]<\/p>","protected":false},"author":1,"featured_media":0,"parent":0,"menu_order":0,"comment_status":"closed","ping_status":"closed","template":"","meta":{"footnotes":""},"_links":{"self":[{"href":"https:\/\/www.musicgates.pro\/fr\/wp-json\/wp\/v2\/pages\/815"}],"collection":[{"href":"https:\/\/www.musicgates.pro\/fr\/wp-json\/wp\/v2\/pages"}],"about":[{"href":"https:\/\/www.musicgates.pro\/fr\/wp-json\/wp\/v2\/types\/page"}],"author":[{"embeddable":true,"href":"https:\/\/www.musicgates.pro\/fr\/wp-json\/wp\/v2\/users\/1"}],"replies":[{"embeddable":true,"href":"https:\/\/www.musicgates.pro\/fr\/wp-json\/wp\/v2\/comments?post=815"}],"version-history":[{"count":9,"href":"https:\/\/www.musicgates.pro\/fr\/wp-json\/wp\/v2\/pages\/815\/revisions"}],"predecessor-version":[{"id":1030,"href":"https:\/\/www.musicgates.pro\/fr\/wp-json\/wp\/v2\/pages\/815\/revisions\/1030"}],"wp:attachment":[{"href":"https:\/\/www.musicgates.pro\/fr\/wp-json\/wp\/v2\/media?parent=815"}],"curies":[{"name":"wp","href":"https:\/\/api.w.org\/{rel}","templated":true}]}}