{"id":819,"date":"2024-01-30T11:03:35","date_gmt":"2024-01-30T10:03:35","guid":{"rendered":"https:\/\/test.musicgates.es\/?page_id=819"},"modified":"2025-10-07T13:28:42","modified_gmt":"2025-10-07T11:28:42","slug":"politica-de-cookies","status":"publish","type":"page","link":"https:\/\/www.musicgates.pro\/fr\/politica-de-cookies\/","title":{"rendered":"Politique de cookies"},"content":{"rendered":"<div data-elementor-type=\"wp-page\" data-elementor-id=\"819\" class=\"elementor elementor-819\" data-elementor-post-type=\"page\">\n\t\t\t\t<div class=\"elementor-element elementor-element-0b619e4 e-con-full e-flex e-con e-parent\" data-id=\"0b619e4\" data-element_type=\"container\">\n\t\t\t\t<div class=\"elementor-element elementor-element-6b2ce11 elementor-widget elementor-widget-text-editor\" data-id=\"6b2ce11\" data-element_type=\"widget\" data-widget_type=\"text-editor.default\">\n\t\t\t\t<div class=\"elementor-widget-container\">\n\t\t\t\t\t\t\t<p><!-- wp:heading --><\/p>\n<div id=\"page-top\">\n<div class=\"inner\">\n<div id=\"page-top\">\n<div class=\"inner\">\n<h3 class=\"page-title\">Politique de cookies<\/h3>\n<\/div>\n<\/div>\n<div id=\"content\">\n<div class=\"inner\">\n<div id=\"main\">\n<p><strong>Qu'est-ce qu'un cookie ?<\/strong><\/p>\n<p>Un cookie est un fichier qui est t\u00e9l\u00e9charg\u00e9 sur votre ordinateur lorsqu'un utilisateur acc\u00e8de \u00e0 certaines pages web. Les cookies permettent \u00e0 un site web, entre autres, de stocker et de r\u00e9cup\u00e9rer des informations sur les habitudes de navigation d'un utilisateur ou de son appareil et, en fonction des informations qu'ils contiennent et de la fa\u00e7on dont l'appareil est utilis\u00e9, ils peuvent \u00eatre utilis\u00e9s pour reconna\u00eetre l'utilisateur.<\/p>\n<p><strong>Quels types de cookies existent ?<\/strong><\/p>\n<p>Il existe diff\u00e9rents types de cookies selon divers crit\u00e8res :<\/p>\n<p>Bas\u00e9 sur la dur\u00e9e d'activation :<\/p>\n<ul>\n<li>Cookies de Session : Ce sont des cookies con\u00e7us pour collecter et stocker des donn\u00e9es pendant que l'utilisateur acc\u00e8de \u00e0 un site web.<\/li>\n<li>Cookies Persistants : Ce sont des cookies o\u00f9 les donn\u00e9es restent stock\u00e9es sur l'appareil et peuvent \u00eatre consult\u00e9es et trait\u00e9es pendant une p\u00e9riode d\u00e9finie par le responsable du cookie.<\/li>\n<\/ul>\n<p>Bas\u00e9 sur la propri\u00e9t\u00e9 :<\/p>\n<ul>\n<li>Cookies propias. Son las que pertenecen a KAKIGORYS CORO, S.L.<\/li>\n<li>Cookies de terceros. Son aquellas cuya titularidad es de un tercero, distinto de KAKIGORYS CORO, S.L., que ser\u00e1 quien trate la informaci\u00f3n recabada.<\/li>\n<\/ul>\n<p>Bas\u00e9 sur la finalit\u00e9 :<\/p>\n<ul>\n<li>Cookies Techniques et\/ou de Personnalisation : Ce sont des cookies utilis\u00e9s pour am\u00e9liorer le service, identifier les probl\u00e8mes, reconna\u00eetre l'utilisateur, etc.<\/li>\n<li>Cookies Analytiques et\/ou Publicitaires : Ces cookies sont utilis\u00e9s pour analyser les informations de navigation et offrir de la publicit\u00e9, soit g\u00e9n\u00e9rique, soit personnalis\u00e9e.<\/li>\n<\/ul>\n<p><strong><br \/>Quels sont les types de cookies les plus courants ?<\/strong><\/p>\n<p>T\u00c9CNICAS: Son cookies PROPIAS, de sesi\u00f3n, de identificaci\u00f3n, de configuraci\u00f3n y de registro, estrictamente necesarias para la identificaci\u00f3n del usuario y para la prestaci\u00f3n de los servicios solicitados por el usuario. La informaci\u00f3n obtenida a trav\u00e9s de las mismas es tratada \u00fanicamente por KAKIGORYS CORO, S.L.<\/p>\n<p>Cookies Analytiques : Ce sont des cookies qui, trait\u00e9s par nous ou par des tiers, nous permettent de quantifier le nombre d'utilisateurs et de r\u00e9aliser des mesures et analyses statistiques de l'utilisation du service offert par les utilisateurs. Pour cela, votre navigation sur notre site web est analys\u00e9e afin d'am\u00e9liorer l'offre de produits ou services que nous fournissons.<\/p>\n<p>Cookies Publicitaires : Ce sont des cookies qui, trait\u00e9s par nous ou par des tiers, permettent la gestion, de la mani\u00e8re la plus efficace possible, des espaces publicitaires pouvant \u00eatre inclus sur notre site web et\/ou de stocker des informations sur le comportement des utilisateurs obtenues gr\u00e2ce \u00e0 une observation continue. Gr\u00e2ce \u00e0 eux, nous pouvons conna\u00eetre les habitudes de navigation sur Internet et montrer de la publicit\u00e9 en rapport avec le profil de navigation de l'utilisateur.<\/p>\n<p><strong>Quel est le but d'un cookie ?<\/strong><\/p>\n<p>Les cookies sont utilis\u00e9s pour fournir des services et\/ou de la publicit\u00e9 personnalis\u00e9s, analyser le fonctionnement du syst\u00e8me, vous reconna\u00eetre lorsque vous acc\u00e9dez en tant qu'utilisateur, identifier les probl\u00e8mes et les r\u00e9soudre le plus rapidement possible, ainsi qu'analyser et mesurer l'utilisation et l'activit\u00e9 du site web.<\/p>\n<p><strong>Mon consentement est-il n\u00e9cessaire pour installer un cookie ?<\/strong><strong>\u00a0<\/strong><\/p>\n<p>Le consentement n'est pas n\u00e9cessaire pour l'installation de cookies techniques ou de ceux strictement n\u00e9cessaires \u00e0 la fourniture d'un service de la soci\u00e9t\u00e9 de l'information express\u00e9ment demand\u00e9 par le destinataire.<\/p>\n<p>Para el resto, s\u00ed se precisa del consentimiento del interesado que se puede solicitar por distintas v\u00edas. En el caso de KAKIGORYS CORO, S.L., se entender\u00e1 otorgado si Vd. sigue utilizando la p\u00e1gina web, sin perjuicio de que en cualquier momento podr\u00e1 revocarlo y desactivar las cookies.<\/p>\n<p><strong>Quels types de cookies ce site web utilise-t-il ?<\/strong><\/p>\n<p>Cookies Techniques : Ce sont des cookies cr\u00e9\u00e9s et g\u00e9r\u00e9s exclusivement par nous et permettent \u00e0 l'utilisateur de naviguer sur notre site web et d'utiliser les diff\u00e9rentes options telles que, par exemple, identifier la session, personnaliser les informations ou acc\u00e9der \u00e0 des zones d'acc\u00e8s restreint.<\/p>\n<p>El lugar web de KAKIGORYS CORO, S.L., utiliza (o puede utilizar) Google Analytics, una herramienta de anal\u00edtica web desarrollada por Google, que ayuda a los propietarios de sitios web a medir c\u00f3mo interact\u00faan los usuarios con el contenido del sitio. Para la prestaci\u00f3n de estos servicios, Google Analytics utilizan cookies que recopilan la informaci\u00f3n, incluida la direcci\u00f3n IP del usuario que ser\u00e1 trasmitida, tratada y almacenada por Google en los t\u00e9rminos fijados en la web Google.com.<\/p>\n<p>Pour plus d'informations, veuillez consulter : <a href=\"https:\/\/developers.google.com\/analytics\/devguides\/collection\/analyticsjs\/cookie-usage\" target=\"_blank\" rel=\"noopener\">https:\/\/developers.google.com\/analytics\/devguides\/collection\/analyticsjs\/cookie-usage<\/a><\/p>\n<p>Le domaine web <a href=\"https:\/\/www.musicgates.pro\/fr\/\">www.musicgates.pro<\/a> utilise les types de cookies suivants :<\/p>\n<img fetchpriority=\"high\" decoding=\"async\" class=\"wp-image-931 size-full alignnone\" src=\"https:\/\/www.musicgates.pro\/wp-content\/uploads\/2024\/06\/Captura-de-pantalla-2018-09-12-a-las-11.39.57.png\" alt=\"\" width=\"859\" height=\"389\" srcset=\"https:\/\/www.musicgates.pro\/wp-content\/uploads\/2024\/06\/Captura-de-pantalla-2018-09-12-a-las-11.39.57.png 859w, https:\/\/www.musicgates.pro\/wp-content\/uploads\/2024\/06\/Captura-de-pantalla-2018-09-12-a-las-11.39.57-300x136.png 300w, https:\/\/www.musicgates.pro\/wp-content\/uploads\/2024\/06\/Captura-de-pantalla-2018-09-12-a-las-11.39.57-768x348.png 768w, https:\/\/www.musicgates.pro\/wp-content\/uploads\/2024\/06\/Captura-de-pantalla-2018-09-12-a-las-11.39.57-18x8.png 18w\" sizes=\"(max-width: 859px) 100vw, 859px\" \/>\n<p><strong>Comment d\u00e9sactiver les cookies ?<\/strong><\/p>\n<p>Vous pouvez autoriser, bloquer ou supprimer les cookies install\u00e9s sur votre ordinateur via les options de configuration du navigateur install\u00e9 sur votre ordinateur.<\/p>\n<ul>\n<li>Firefox : <a href=\"https:\/\/support.mozilla.org\/es\/kb\/habilitar-y-deshabilitar-cookies-sitios-web-rastrear-preferencias?redirectlocale=es&amp;redirectslug=habilitar-y-deshabilitar-cookies-que-los-sitios-we\" target=\"_blank\" rel=\"noopener\">https:\/\/support.mozilla.org\/es\/kb\/habilitar-y-deshabilitar-cookies-sitios-web-rastrear-preferencias?redirectlocale=es&amp;redirectslug=habilitar-y-deshabilitar-cookies-que-los-sitios-we<\/a><\/li>\n<li>Chrome&nbsp;: <a href=\"https:\/\/support.google.com\/chrome\/answer\/95647?hl=es\" target=\"_blank\" rel=\"noopener\">https:\/\/support.google.com\/chrome\/answer\/95647?hl=e<\/a><\/li>\n<li>Internet Explorer\u00a0: <a href=\"https:\/\/support.microsoft.com\/es-es\/products\/windows?os=windows-10\" target=\"_blank\" rel=\"noopener\">https:\/\/support.microsoft.com\/es-es\/products\/windows?os=windows-10<\/a><\/li>\n<li>Safari:\u00a0 <a href=\"https:\/\/support.apple.com\/kb\/ph5042?locale=es_ES\" target=\"_blank\" rel=\"noopener\">https:\/\/support.apple.com\/kb\/ph5042?locale=es_ES<\/a><\/li>\n<li>Safari pour iOS : <a href=\"https:\/\/support.apple.com\/es-es\/HT201265\" target=\"_blank\" rel=\"noopener\">https:\/\/support.apple.com\/es-es\/HT201265<\/a><\/li>\n<li>Opera\u00a0: <a href=\"http:\/\/help.opera.com\/Windows\/11.50\/es-ES\/cookies.html\" target=\"_blank\" rel=\"noopener\">http:\/\/help.opera.com\/Windows\/11.50\/es-ES\/cookies.html<\/a><\/li>\n<\/ul>\n<\/div>\n<\/div>\n<\/div>\n<\/div>\n<\/div>\n<p><!-- \/wp:paragraph --><\/p>\t\t\t\t\t\t<\/div>\n\t\t\t\t<\/div>\n\t\t\t\t<\/div>\n\t\t\t\t<\/div>","protected":false},"excerpt":{"rendered":"<p>Pol\u00edtica de cookies \u00bfQu\u00e9 es una cookie? Una cookie es un fichero que se descarga en su ordenador al acceder el Usuario a determinadas p\u00e1ginas web. Las cookies permiten a una p\u00e1gina web, entre otras cosas, almacenar y recuperar informaci\u00f3n sobre los h\u00e1bitos de navegaci\u00f3n de un usuario o de su equipo y, dependiendo de [&hellip;]<\/p>","protected":false},"author":1,"featured_media":0,"parent":0,"menu_order":0,"comment_status":"closed","ping_status":"closed","template":"","meta":{"footnotes":""},"_links":{"self":[{"href":"https:\/\/www.musicgates.pro\/fr\/wp-json\/wp\/v2\/pages\/819"}],"collection":[{"href":"https:\/\/www.musicgates.pro\/fr\/wp-json\/wp\/v2\/pages"}],"about":[{"href":"https:\/\/www.musicgates.pro\/fr\/wp-json\/wp\/v2\/types\/page"}],"author":[{"embeddable":true,"href":"https:\/\/www.musicgates.pro\/fr\/wp-json\/wp\/v2\/users\/1"}],"replies":[{"embeddable":true,"href":"https:\/\/www.musicgates.pro\/fr\/wp-json\/wp\/v2\/comments?post=819"}],"version-history":[{"count":18,"href":"https:\/\/www.musicgates.pro\/fr\/wp-json\/wp\/v2\/pages\/819\/revisions"}],"predecessor-version":[{"id":1036,"href":"https:\/\/www.musicgates.pro\/fr\/wp-json\/wp\/v2\/pages\/819\/revisions\/1036"}],"wp:attachment":[{"href":"https:\/\/www.musicgates.pro\/fr\/wp-json\/wp\/v2\/media?parent=819"}],"curies":[{"name":"wp","href":"https:\/\/api.w.org\/{rel}","templated":true}]}}