{"id":2,"date":"2023-10-04T09:57:29","date_gmt":"2023-10-04T09:57:29","guid":{"rendered":"http:\/\/test.musicgates.es\/?page_id=2"},"modified":"2024-01-30T09:41:39","modified_gmt":"2024-01-30T08:41:39","slug":"empresa","status":"publish","type":"page","link":"https:\/\/www.musicgates.pro\/it\/empresa\/","title":{"rendered":"Azienda"},"content":{"rendered":"<div data-elementor-type=\"wp-page\" data-elementor-id=\"2\" class=\"elementor elementor-2\" data-elementor-post-type=\"page\">\n\t\t\t\t<div class=\"elementor-element elementor-element-23c54db e-con-full e-flex e-con e-parent\" data-id=\"23c54db\" data-element_type=\"container\">\n\t\t<div class=\"elementor-element elementor-element-4ce3f65 e-con-full e-flex e-con e-child\" data-id=\"4ce3f65\" data-element_type=\"container\">\n\t\t\t\t<div class=\"elementor-element elementor-element-caf8da4 elementor-widget elementor-widget-heading\" data-id=\"caf8da4\" data-element_type=\"widget\" data-widget_type=\"heading.default\">\n\t\t\t\t<div class=\"elementor-widget-container\">\n\t\t\t<h2 class=\"elementor-heading-title elementor-size-default\">Offriamo alternative ai cataloghi musicali attualmente disponibili con le licenze tradizionali.<\/h2>\t\t<\/div>\n\t\t\t\t<\/div>\n\t\t\t\t<\/div>\n\t\t<div class=\"elementor-element elementor-element-750306f e-con-full e-flex e-con e-child\" data-id=\"750306f\" data-element_type=\"container\">\n\t\t\t\t<div class=\"elementor-element elementor-element-89a7854 elementor-widget__width-inherit elementor-widget elementor-widget-text-editor\" data-id=\"89a7854\" data-element_type=\"widget\" data-widget_type=\"text-editor.default\">\n\t\t\t\t<div class=\"elementor-widget-container\">\n\t\t\t\t\t\t\t<p>MusicGates nasce dall'esperienza aziendale, dai cambiamenti sociali e dall'innovazione delle nuove tecnologie.<\/p>\t\t\t\t\t\t<\/div>\n\t\t\t\t<\/div>\n\t\t<div class=\"elementor-element elementor-element-5d39ffd e-con-full e-flex e-con e-child\" data-id=\"5d39ffd\" data-element_type=\"container\">\n\t\t\t\t<div class=\"elementor-element elementor-element-338f626 elementor-widget elementor-widget-text-editor\" data-id=\"338f626\" data-element_type=\"widget\" data-widget_type=\"text-editor.default\">\n\t\t\t\t<div class=\"elementor-widget-container\">\n\t\t\t\t\t\t\t<p>Vogliamo offrirti una proposta diversa e l'obiettivo di trasmettere l'energia della musica nelle aziende attraverso il loro flusso musicale in streaming.<\/p>\n<p>Il nostro prodotto \u00e8 rivolto alle piccole e medie imprese che apprezzano il valore e l'importanza di creare un buon ambiente lavorativo con la musica. Un flusso musicale in streaming che aiuter\u00e0 a posizionare il tuo marchio fornendo un valore aggiunto alla tua azienda.<\/p>\t\t\t\t\t\t<\/div>\n\t\t\t\t<\/div>\n\t\t\t\t<\/div>\n\t\t\t\t<\/div>\n\t\t\t\t<\/div>\n\t\t<div class=\"elementor-element elementor-element-046505a e-flex e-con-boxed e-con e-parent\" data-id=\"046505a\" data-element_type=\"container\" data-settings=\"{&quot;background_background&quot;:&quot;classic&quot;}\">\n\t\t\t\t\t<div class=\"e-con-inner\">\n\t\t\t\t<div class=\"elementor-element elementor-element-6c6aac2 elementor-widget elementor-widget-spacer\" data-id=\"6c6aac2\" data-element_type=\"widget\" data-widget_type=\"spacer.default\">\n\t\t\t\t<div class=\"elementor-widget-container\">\n\t\t\t\t\t<div class=\"elementor-spacer\">\n\t\t\t<div class=\"elementor-spacer-inner\"><\/div>\n\t\t<\/div>\n\t\t\t\t<\/div>\n\t\t\t\t<\/div>\n\t\t\t\t<div class=\"elementor-element elementor-element-9b28dbe elementor-widget elementor-widget-heading\" data-id=\"9b28dbe\" data-element_type=\"widget\" data-widget_type=\"heading.default\">\n\t\t\t\t<div class=\"elementor-widget-container\">\n\t\t\t<h2 class=\"elementor-heading-title elementor-size-default\">Un\u2019alternativa alle licenze musicali attuali<\/h2>\t\t<\/div>\n\t\t\t\t<\/div>\n\t\t\t\t<div class=\"elementor-element elementor-element-7cfc90e elementor-widget elementor-widget-spacer\" data-id=\"7cfc90e\" data-element_type=\"widget\" data-widget_type=\"spacer.default\">\n\t\t\t\t<div class=\"elementor-widget-container\">\n\t\t\t\t\t<div class=\"elementor-spacer\">\n\t\t\t<div class=\"elementor-spacer-inner\"><\/div>\n\t\t<\/div>\n\t\t\t\t<\/div>\n\t\t\t\t<\/div>\n\t\t\t\t\t<\/div>\n\t\t\t\t<\/div>\n\t\t<div class=\"elementor-element elementor-element-68ecd9a e-con-full e-flex e-con e-parent\" data-id=\"68ecd9a\" data-element_type=\"container\">\n\t\t\t\t<div class=\"elementor-element elementor-element-6df848a elementor-widget elementor-widget-heading\" data-id=\"6df848a\" data-element_type=\"widget\" data-widget_type=\"heading.default\">\n\t\t\t\t<div class=\"elementor-widget-container\">\n\t\t\t<h5 class=\"elementor-heading-title elementor-size-default\">Il nostro obiettivo<\/h5>\t\t<\/div>\n\t\t\t\t<\/div>\n\t\t<div class=\"elementor-element elementor-element-404281e e-con-full e-flex e-con e-child\" data-id=\"404281e\" data-element_type=\"container\">\n\t\t<div class=\"elementor-element elementor-element-0655fa8 e-con-full e-flex e-con e-child\" data-id=\"0655fa8\" data-element_type=\"container\">\n\t\t\t\t<div class=\"elementor-element elementor-element-0969ba0 elementor-view-default elementor-position-top elementor-mobile-position-top elementor-widget elementor-widget-icon-box\" data-id=\"0969ba0\" data-element_type=\"widget\" data-widget_type=\"icon-box.default\">\n\t\t\t\t<div class=\"elementor-widget-container\">\n\t\t\t\t\t<div class=\"elementor-icon-box-wrapper\">\n\n\t\t\t\t\t\t<div class=\"elementor-icon-box-icon\">\n\t\t\t\t<span  class=\"elementor-icon elementor-animation-\">\n\t\t\t\t<i aria-hidden=\"true\" class=\"fas fa-tasks\"><\/i>\t\t\t\t<\/span>\n\t\t\t<\/div>\n\t\t\t\n\t\t\t\t\t\t<div class=\"elementor-icon-box-content\">\n\n\t\t\t\t\t\t\t\t\t<h3 class=\"elementor-icon-box-title\">\n\t\t\t\t\t\t<span  >\n\t\t\t\t\t\t\tOttimizzazione\t\t\t\t\t\t<\/span>\n\t\t\t\t\t<\/h3>\n\t\t\t\t\n\t\t\t\t\t\t\t\t\t<p class=\"elementor-icon-box-description\">\n\t\t\t\t\t\tAiutiamo l'azienda a ottimizzare le sue strategie commerciali.\t\t\t\t\t<\/p>\n\t\t\t\t\n\t\t\t<\/div>\n\t\t\t\n\t\t<\/div>\n\t\t\t\t<\/div>\n\t\t\t\t<\/div>\n\t\t\t\t<\/div>\n\t\t<div class=\"elementor-element elementor-element-16638bc e-con-full e-flex e-con e-child\" data-id=\"16638bc\" data-element_type=\"container\">\n\t\t\t\t<div class=\"elementor-element elementor-element-186b478 elementor-view-default elementor-position-top elementor-mobile-position-top elementor-widget elementor-widget-icon-box\" data-id=\"186b478\" data-element_type=\"widget\" data-widget_type=\"icon-box.default\">\n\t\t\t\t<div class=\"elementor-widget-container\">\n\t\t\t\t\t<div class=\"elementor-icon-box-wrapper\">\n\n\t\t\t\t\t\t<div class=\"elementor-icon-box-icon\">\n\t\t\t\t<span  class=\"elementor-icon elementor-animation-\">\n\t\t\t\t<i aria-hidden=\"true\" class=\"fas fa-people-arrows\"><\/i>\t\t\t\t<\/span>\n\t\t\t<\/div>\n\t\t\t\n\t\t\t\t\t\t<div class=\"elementor-icon-box-content\">\n\n\t\t\t\t\t\t\t\t\t<h3 class=\"elementor-icon-box-title\">\n\t\t\t\t\t\t<span  >\n\t\t\t\t\t\t\tCliente-brand\t\t\t\t\t\t<\/span>\n\t\t\t\t\t<\/h3>\n\t\t\t\t\n\t\t\t\t\t\t\t\t\t<p class=\"elementor-icon-box-description\">\n\t\t\t\t\t\tRafforziamo il legame del cliente con il suo marchio.\t\t\t\t\t<\/p>\n\t\t\t\t\n\t\t\t<\/div>\n\t\t\t\n\t\t<\/div>\n\t\t\t\t<\/div>\n\t\t\t\t<\/div>\n\t\t\t\t<\/div>\n\t\t<div class=\"elementor-element elementor-element-8fde39f e-con-full e-flex e-con e-child\" data-id=\"8fde39f\" data-element_type=\"container\">\n\t\t\t\t<div class=\"elementor-element elementor-element-fc12011 elementor-view-default elementor-position-top elementor-mobile-position-top elementor-widget elementor-widget-icon-box\" data-id=\"fc12011\" data-element_type=\"widget\" data-widget_type=\"icon-box.default\">\n\t\t\t\t<div class=\"elementor-widget-container\">\n\t\t\t\t\t<div class=\"elementor-icon-box-wrapper\">\n\n\t\t\t\t\t\t<div class=\"elementor-icon-box-icon\">\n\t\t\t\t<span  class=\"elementor-icon elementor-animation-\">\n\t\t\t\t<i aria-hidden=\"true\" class=\"far fa-edit\"><\/i>\t\t\t\t<\/span>\n\t\t\t<\/div>\n\t\t\t\n\t\t\t\t\t\t<div class=\"elementor-icon-box-content\">\n\n\t\t\t\t\t\t\t\t\t<h3 class=\"elementor-icon-box-title\">\n\t\t\t\t\t\t<span  >\n\t\t\t\t\t\t\tServizio personalizzato\t\t\t\t\t\t<\/span>\n\t\t\t\t\t<\/h3>\n\t\t\t\t\n\t\t\t\t\t\t\t\t\t<p class=\"elementor-icon-box-description\">\n\t\t\t\t\t\tAmbiente adattato alle esigenze del cliente, selezionando il miglior repertorio.\t\t\t\t\t<\/p>\n\t\t\t\t\n\t\t\t<\/div>\n\t\t\t\n\t\t<\/div>\n\t\t\t\t<\/div>\n\t\t\t\t<\/div>\n\t\t\t\t<\/div>\n\t\t<div class=\"elementor-element elementor-element-2095df1 e-con-full e-flex e-con e-child\" data-id=\"2095df1\" data-element_type=\"container\">\n\t\t\t\t<div class=\"elementor-element elementor-element-556b757 elementor-view-default elementor-position-top elementor-mobile-position-top elementor-widget elementor-widget-icon-box\" data-id=\"556b757\" data-element_type=\"widget\" data-widget_type=\"icon-box.default\">\n\t\t\t\t<div class=\"elementor-widget-container\">\n\t\t\t\t\t<div class=\"elementor-icon-box-wrapper\">\n\n\t\t\t\t\t\t<div class=\"elementor-icon-box-icon\">\n\t\t\t\t<span  class=\"elementor-icon elementor-animation-\">\n\t\t\t\t<i aria-hidden=\"true\" class=\"fas fa-star\"><\/i>\t\t\t\t<\/span>\n\t\t\t<\/div>\n\t\t\t\n\t\t\t\t\t\t<div class=\"elementor-icon-box-content\">\n\n\t\t\t\t\t\t\t\t\t<h3 class=\"elementor-icon-box-title\">\n\t\t\t\t\t\t<span  >\n\t\t\t\t\t\t\tRapporto qualit\u00e0-prezzo ottimale\t\t\t\t\t\t<\/span>\n\t\t\t\t\t<\/h3>\n\t\t\t\t\n\t\t\t\t\t\t\t\t\t<p class=\"elementor-icon-box-description\">\n\t\t\t\t\t\tUn prodotto diverso, di qualit\u00e0, con un servizio personalizzato e un prezzo competitivo sul mercato.\t\t\t\t\t<\/p>\n\t\t\t\t\n\t\t\t<\/div>\n\t\t\t\n\t\t<\/div>\n\t\t\t\t<\/div>\n\t\t\t\t<\/div>\n\t\t\t\t<\/div>\n\t\t\t\t<\/div>\n\t\t\t\t<\/div>\n\t\t<div class=\"elementor-element elementor-element-5879bf6 e-con-full e-flex e-con e-parent\" data-id=\"5879bf6\" data-element_type=\"container\" data-settings=\"{&quot;background_background&quot;:&quot;classic&quot;}\">\n\t\t<div class=\"elementor-element elementor-element-8c280e3 e-con-full e-flex e-con e-child\" data-id=\"8c280e3\" data-element_type=\"container\">\n\t\t\t\t<div class=\"elementor-element elementor-element-62e67fe elementor-widget elementor-widget-heading\" data-id=\"62e67fe\" data-element_type=\"widget\" data-widget_type=\"heading.default\">\n\t\t\t\t<div class=\"elementor-widget-container\">\n\t\t\t<h2 class=\"elementor-heading-title elementor-size-default\">I nostri valori<\/h2>\t\t<\/div>\n\t\t\t\t<\/div>\n\t\t\t\t<\/div>\n\t\t<div class=\"elementor-element elementor-element-edfcfc3 e-con-full e-flex e-con e-child\" data-id=\"edfcfc3\" data-element_type=\"container\">\n\t\t\t\t<div class=\"elementor-element elementor-element-b4fd288 elementor-widget__width-inherit elementor-widget elementor-widget-text-editor\" data-id=\"b4fd288\" data-element_type=\"widget\" data-widget_type=\"text-editor.default\">\n\t\t\t\t<div class=\"elementor-widget-container\">\n\t\t\t\t\t\t\t<p>I nostri valori sono i pilastri che definiscono l'identit\u00e0 di MUSICGATES.<\/p>\t\t\t\t\t\t<\/div>\n\t\t\t\t<\/div>\n\t\t<div class=\"elementor-element elementor-element-2519277 e-con-full e-flex e-con e-child\" data-id=\"2519277\" data-element_type=\"container\">\n\t\t\t\t<div class=\"elementor-element elementor-element-bad5138 elementor-widget elementor-widget-text-editor\" data-id=\"bad5138\" data-element_type=\"widget\" data-widget_type=\"text-editor.default\">\n\t\t\t\t<div class=\"elementor-widget-container\">\n\t\t\t\t\t\t\t<p>Attraverso la musica, trasmettiamo i nostri valori creando un legame emotivo del cliente con il proprio marchio.<\/p>\t\t\t\t\t\t<\/div>\n\t\t\t\t<\/div>\n\t\t\t\t<div class=\"elementor-element elementor-element-70646a2 elementor-widget elementor-widget-text-editor\" data-id=\"70646a2\" data-element_type=\"widget\" data-widget_type=\"text-editor.default\">\n\t\t\t\t<div class=\"elementor-widget-container\">\n\t\t\t\t\t\t\t<div class=\"one_third\">\n<ul>\n<li>Onest\u00e0<\/li>\n<li>Sfide<\/li>\n<li>Crescita<\/li>\n<li>Amore<\/li>\n<li>Conoscenza<\/li>\n<\/ul>\n<\/div>\n<div class=\"one_third\">\n<ul>\n<li>Sicurezza<\/li>\n<li>Trasparenza<\/li>\n<li>Complicit\u00e0<\/li>\n<li>Gioia<\/li>\n<li>Etica<\/li>\n<li>Solidariet\u00e0<\/li>\n<\/ul>\n<\/div>\t\t\t\t\t\t<\/div>\n\t\t\t\t<\/div>\n\t\t\t\t<\/div>\n\t\t\t\t<\/div>\n\t\t\t\t<\/div>\n\t\t\t\t<\/div>","protected":false},"excerpt":{"rendered":"<p>Ofrecemos cat\u00e1logos alternativos a las actuales licencias musicales. MusicGates nace de la experiencia empresarial, los cambios sociales y la innovaci\u00f3n de las nuevas tecnolog\u00edas Queremos ofrecerte una propuesta diferente y el prop\u00f3sito de transmitir la vibraci\u00f3n de la m\u00fasica en las empresas a trav\u00e9s de su hilo musical en streaming. Nuestro producto va dirigido a [&hellip;]<\/p>","protected":false},"author":1,"featured_media":0,"parent":0,"menu_order":0,"comment_status":"closed","ping_status":"closed","template":"","meta":{"footnotes":""},"_links":{"self":[{"href":"https:\/\/www.musicgates.pro\/it\/wp-json\/wp\/v2\/pages\/2"}],"collection":[{"href":"https:\/\/www.musicgates.pro\/it\/wp-json\/wp\/v2\/pages"}],"about":[{"href":"https:\/\/www.musicgates.pro\/it\/wp-json\/wp\/v2\/types\/page"}],"author":[{"embeddable":true,"href":"https:\/\/www.musicgates.pro\/it\/wp-json\/wp\/v2\/users\/1"}],"replies":[{"embeddable":true,"href":"https:\/\/www.musicgates.pro\/it\/wp-json\/wp\/v2\/comments?post=2"}],"version-history":[{"count":55,"href":"https:\/\/www.musicgates.pro\/it\/wp-json\/wp\/v2\/pages\/2\/revisions"}],"predecessor-version":[{"id":744,"href":"https:\/\/www.musicgates.pro\/it\/wp-json\/wp\/v2\/pages\/2\/revisions\/744"}],"wp:attachment":[{"href":"https:\/\/www.musicgates.pro\/it\/wp-json\/wp\/v2\/media?parent=2"}],"curies":[{"name":"wp","href":"https:\/\/api.w.org\/{rel}","templated":true}]}}