{"id":3,"date":"2023-10-04T09:57:29","date_gmt":"2023-10-04T09:57:29","guid":{"rendered":"http:\/\/test.musicgates.es\/?page_id=3"},"modified":"2025-10-07T13:22:30","modified_gmt":"2025-10-07T11:22:30","slug":"politica-de-privacidad","status":"publish","type":"page","link":"https:\/\/www.musicgates.pro\/it\/politica-de-privacidad\/","title":{"rendered":"Politica sulla privacy"},"content":{"rendered":"<div data-elementor-type=\"wp-page\" data-elementor-id=\"3\" class=\"elementor elementor-3\" data-elementor-post-type=\"page\">\n\t\t\t\t<div class=\"elementor-element elementor-element-7e8dcf9 e-con-full e-flex e-con e-parent\" data-id=\"7e8dcf9\" data-element_type=\"container\" data-e-type=\"container\">\n\t\t\t\t<div class=\"elementor-element elementor-element-45f11b3 elementor-widget elementor-widget-text-editor\" data-id=\"45f11b3\" data-element_type=\"widget\" data-e-type=\"widget\" data-widget_type=\"text-editor.default\">\n\t\t\t\t<div class=\"elementor-widget-container\">\n\t\t\t\t\t\t\t\t\t\n<div id=\"page-top\">\n<div class=\"inner\">\n<h3 class=\"page-title wp-block-heading\">Politica sulla privacy<\/h3>\n<\/div>\n<\/div>\n<div id=\"content\">\n<div class=\"inner\">\n<div id=\"main\">\n<p>En KAKIGORYS CORO, S.L. trabajamos para garantizar la privacidad en el tratamiento de sus datos personales. Hemos actualizado nuestra Pol\u00edtica de Privacidad para informar claramente de c\u00f3mo recabamos, utilizamos y custodiamos los datos de las personas que contactan con nuestra empresa:<\/p>\n<ul>\n<li>Responsabile del trattamento<\/li>\n<li>Finalit\u00e0 del trattamento dei dati<\/li>\n<li>Periodo di conservazione dei dati<\/li>\n<li>Legittimazione per il trattamento dei dati<\/li>\n<li>Comunicazione dei dati<\/li>\n<li>Trasferimenti internazionali dei dati<\/li>\n<li>I tuoi diritti<\/li>\n<li>Ottenimento dei tuoi dati<\/li>\n<\/ul>\n<p><strong><br \/>Chi \u00e8 il responsabile del trattamento dei suoi dati?<\/strong><\/p>\n<p>Raz\u00f3n social:\u00a0 \u00a0 \u00a0 \u00a0 \u00a0 \u00a0 \u00a0 \u00a0 \u00a0 \u00a0 KAKIGORYS CORO, S.L.<br \/>Nome commerciale: MUSICGATES<br \/>NIF:\u00a0 \u00a0 \u00a0 \u00a0 \u00a0 \u00a0 \u00a0 \u00a0 \u00a0 \u00a0 \u00a0 \u00a0 \u00a0 \u00a0 \u00a0 \u00a0 \u00a0 \u00a0 \u00a0B-55271043<br \/>Direcci\u00f3n postal:\u00a0 \u00a0 \u00a0 \u00a0 \u00a0 \u00a0 \u00a0 C\/ Camp de Mart 4, local 2b, 17001 Girona.<br \/>Telefono: +34 972 01 76 65<br \/>Indirizzo email:\u00a0 \u00a0 \u00a0 \u00a0 \u00a0 \u00a0<a href=\"mailto:info@musicgates.es\">info@musicgates.es<br \/><\/a><\/p>\n<p><strong><br \/>Per quali finalit\u00e0 trattiamo i suoi dati personali?<br \/><\/strong><\/p>\n<p>En KAKIGORYS CORO, S.L. tratamos datos de contacto profesional con las siguientes finalidades, en funci\u00f3n del motivo por el que nos los haya facilitado:<\/p>\n<ol>\n<li>Gestire i dati forniti direttamente dall'interessato, in qualit\u00e0 di professionista o rappresentante della propria azienda, per informarlo sui nostri prodotti e servizi, rispondere alla sua richiesta, petizione o consultazione e effettuare un successivo follow-up.<\/li>\n<li>Gestire i dati forniti dal cliente al momento della stipula dei nostri servizi, a livello organizzativo, contabile, fiscale e amministrativo, nonch\u00e9 per informarlo su servizi, eventi e notizie correlati alla nostra attivit\u00e0 professionale che potrebbero essere di suo interesse.<\/li>\n<li>Gestire i dati professionali dell'UTENTE per la sua partecipazione ai diversi eventi e attivit\u00e0 che organizziamo e per i quali ci ha autorizzato a informarlo su altre attivit\u00e0 o eventi che potremmo organizzare e che potrebbero essere di suo interesse.<\/li>\n<li>Inviare, nel caso in cui si sia iscritto alle nostre Newsletter, le stesse trattando i dati forniti per inviargliele.<\/li>\n<li>Effettuare, se del caso, il profilo dell'UTENTE per offrirgli i nostri prodotti e servizi.<\/li>\n<\/ol>\n<p><strong><br \/>Per quanto tempo conserveremo i suoi dati?<\/strong><\/p>\n<ul>\n<li>I dati per la gestione della\u00a0<strong>relazione con il cliente e la fatturazione e il pagamento dei servizi<\/strong>&nbsp;saranno conservati per tutto il tempo in cui il contratto \u00e8 in vigore. Una volta concluso tale rapporto, se del caso, i dati potranno essere conservati per il tempo richiesto dalla legislazione applicabile e fino alla prescrizione delle eventuali responsabilit\u00e0 derivanti dal contratto.<\/li>\n<li>I dati relativi alle\u00a0<strong>pubblicazioni di commenti\t&nbsp;<\/strong>&nbsp;sui nostri prodotti saranno conservati durante la validit\u00e0 e la pubblicit\u00e0 dei prodotti o servizi a cui si riferiscono, a meno che non si esprima il desiderio che siano eliminati in qualsiasi momento.<\/li>\n<li>I dati per la\u00a0<strong>partecipazione a eventi e attivit\u00e0 <\/strong>saranno conservati per il tempo necessario alle finalit\u00e0 descritte, a meno che non si sia opposto al trattamento degli stessi o li abbia cancellati in precedenza.<\/li>\n<li>I dati per l'invio di <strong>Newsletter<\/strong> saranno conservati indefinitamente fino a quando, se del caso, non ci manifesti la volont\u00e0 di eliminarli.<\/li>\n<li>I dati per l'invio di\u00a0<strong>comunicazioni commerciali e per la creazione di profili commerciali <\/strong>dei nostri prodotti o servizi saranno conservati indefinitamente fino a quando, se del caso, non ci manifesti la volont\u00e0 di eliminarli.<\/li>\n<\/ul>\n<p><strong><br \/>Qual \u00e8 la legittimazione per il trattamento dei suoi dati?<\/strong><\/p>\n<ul>\n<li>La base legale per il trattamento dei suoi dati per le finalit\u00e0 1-3 \u00e8 <u>l'esecuzione contrattuale della prestazione del servizio.<\/u><\/li>\n<li>L'offerta prospettica di prodotti e servizi ai clienti ha come base il <u>legittimo interesse<\/u> commerciale consistente nella possibilit\u00e0 di offrire ai nostri clienti la contrattazione di altri prodotti o servizi e conseguire cos\u00ec la loro fidelizzazione. Tale legittimo interesse \u00e8 riconosciuto dalla normativa legale applicabile (Regolamento Generale sulla Protezione dei Dati), che consente espressamente il trattamento dei dati personali su tale base legale per fini di marketing diretto.<\/li>\n<\/ul>\n<p>Tuttavia, le ricordiamo che ha il diritto di opporsi a questo trattamento dei suoi dati, potendo farlo per qualsiasi mezzo descritto in questa Politica.<\/p>\n<ul>\n<li>La base dell'invio di comunicazioni commerciali a utenti non clienti \u00e8 il <u>consenso<\/u> richiesto, che pu\u00f2 essere revocato in qualsiasi momento. Il ritiro di tale consenso non influenzer\u00e0 in alcun modo l'esecuzione<br \/>l'esecuzione del contratto, ma i trattamenti dei dati a tale scopo effettuati in precedenza non perderanno la loro liceit\u00e0 per il fatto che il consenso sia stato revocato.<\/li>\n<\/ul>\n<p><strong><br \/>A quali destinatari verranno comunicati i suoi dati?<\/strong><\/p>\n<p>I dati non saranno comunicati a terzi tranne che a:<\/p>\n<ul>\n<li>Alle <strong>aziende del gruppo<\/strong>.<\/li>\n<li>Alle\u00a0<strong>entit\u00e0 finanziarie<\/strong>&nbsp;attraverso le quali si articola la gestione di riscossioni e pagamenti.<\/li>\n<li>Alle\u00a0<strong>Amministrazioni pubbliche<\/strong>&nbsp;competenti, nei casi previsti dalla legge e per gli scopi da essa definiti.<\/li>\n<\/ul>\n<p><strong><br \/>Vi sono trasferimenti di dati a paesi terzi?<\/strong><\/p>\n<p>Non si effettuano trasferimenti internazionali di dati.<\/p>\n<p><strong>Quali sono i suoi diritti quando ci fornisce i suoi dati?<\/strong><\/p>\n<ul>\n<li>Cualquier persona tiene derecho a obtener confirmaci\u00f3n sobre si en KAKIGORYS CORO, S.L. estamos tratando datos personales que les conciernan, o no.<\/li>\n<li>Le persone interessate hanno il diritto di accedere ai propri dati personali, nonch\u00e9 di richiedere la rettifica dei dati inesatti o, se del caso, la cancellazione quando, tra gli altri motivi, i dati non siano pi\u00f9 necessari per gli scopi per cui sono stati raccolti.<\/li>\n<li>In determinate circostanze, gli interessati possono richiedere la limitazione del trattamento dei propri dati o la portabilit\u00e0, in tal caso li conserveremo solo per l'esercizio o la difesa di reclami.<\/li>\n<li>En determinadas circunstancias y por motivos relacionados con su situaci\u00f3n particular, los interesados podr\u00e1n oponerse al tratamiento de sus datos. En este caso, KAKIGORYS CORO, S.L. dejar\u00e1 de tratar los datos, excepto por motivos leg\u00edtimos imperiosos, o el ejercicio o la defensa de posibles reclamaciones.<\/li>\n<\/ul>\n<p>Potr\u00e0 esercitare concretamente i suoi diritti nel seguente modo:<\/p>\n<p>-Tramite email allegando una copia del suo documento d'identit\u00e0 a: <a href=\"mailto:info@musicgates.es\">info@musicgates.es<\/a><\/p>\n<p>-All'indirizzo email indicato le forniremo i moduli corrispondenti per esercitare concretamente questi diritti.<\/p>\n<ul>\n<li>Se ha dato il suo consenso per uno scopo specifico, ha il diritto di ritirare il consenso dato in qualsiasi momento, senza che ci\u00f2 pregiudichi la liceit\u00e0 del trattamento basato sul consenso prestato prima del suo ritiro.<\/li>\n<li>Nel caso in cui ritenga violati i suoi diritti per quanto riguarda la protezione dei suoi dati personali, specialmente quando non abbia ottenuto soddisfazione nell'esercizio dei suoi diritti, pu\u00f2 presentare un reclamo all'Autorit\u00e0 di Controllo in materia di protezione dei dati competente tramite il suo sito web: <a href=\"http:\/\/www.agpd.es\/\" target=\"_blank\" rel=\"noopener\">agpd.es<\/a>.<\/li>\n<\/ul>\n<p><strong><br \/>Come abbiamo ottenuto i suoi dati?<\/strong><\/p>\n<ul>\n<li>Los datos personales que tratamos en KAKIGORYS CORO, S.L. proceden de los propios interesados o su Representante legal.<\/li>\n<li>Le ricordiamo di non fornire dati di terzi a meno che non abbia il loro consenso e li abbia informati preventivamente.<\/li>\n<li>Non trattiamo categorie speciali di dati personali (ossia dati che rivelano l'origine etnica o razziale, le opinioni politiche, le convinzioni religiose o filosofiche, o l'appartenenza sindacale, dati genetici, dati biometrici diretti a identificare univocamente una persona fisica, dati relativi alla salute o dati relativi alla vita sessuale o all'orientamento sessuale di una persona fisica).<\/li>\n<\/ul>\n<\/div>\n<\/div>\n<\/div>\n\t\t\t\t\t\t\t\t<\/div>\n\t\t\t\t<\/div>\n\t\t\t\t<\/div>\n\t\t\t\t<\/div>","protected":false},"excerpt":{"rendered":"<p>Pol\u00edtica de Privacidad En KAKIGORYS CORO, S.L. trabajamos para garantizar la privacidad en el tratamiento de sus datos personales. Hemos actualizado nuestra Pol\u00edtica de Privacidad para informar claramente de c\u00f3mo recabamos, utilizamos y custodiamos los datos de las personas que contactan con nuestra empresa: Responsable del tratamiento Finalidades del tratamiento de datos Periodo de conservaci\u00f3n [&hellip;]<\/p>\n","protected":false},"author":1,"featured_media":0,"parent":0,"menu_order":0,"comment_status":"closed","ping_status":"closed","template":"","meta":{"footnotes":""},"class_list":["post-3","page","type-page","status-publish","hentry"],"_links":{"self":[{"href":"https:\/\/www.musicgates.pro\/it\/wp-json\/wp\/v2\/pages\/3","targetHints":{"allow":["GET"]}}],"collection":[{"href":"https:\/\/www.musicgates.pro\/it\/wp-json\/wp\/v2\/pages"}],"about":[{"href":"https:\/\/www.musicgates.pro\/it\/wp-json\/wp\/v2\/types\/page"}],"author":[{"embeddable":true,"href":"https:\/\/www.musicgates.pro\/it\/wp-json\/wp\/v2\/users\/1"}],"replies":[{"embeddable":true,"href":"https:\/\/www.musicgates.pro\/it\/wp-json\/wp\/v2\/comments?post=3"}],"version-history":[{"count":7,"href":"https:\/\/www.musicgates.pro\/it\/wp-json\/wp\/v2\/pages\/3\/revisions"}],"predecessor-version":[{"id":1033,"href":"https:\/\/www.musicgates.pro\/it\/wp-json\/wp\/v2\/pages\/3\/revisions\/1033"}],"wp:attachment":[{"href":"https:\/\/www.musicgates.pro\/it\/wp-json\/wp\/v2\/media?parent=3"}],"curies":[{"name":"wp","href":"https:\/\/api.w.org\/{rel}","templated":true}]}}