{"id":613,"date":"2024-01-26T10:01:25","date_gmt":"2024-01-26T09:01:25","guid":{"rendered":"https:\/\/test.musicgates.es\/registro\/"},"modified":"2024-02-01T12:31:31","modified_gmt":"2024-02-01T11:31:31","slug":"registro","status":"publish","type":"page","link":"https:\/\/www.musicgates.pro\/it\/registro\/","title":{"rendered":"Registrare"},"content":{"rendered":"<div data-elementor-type=\"wp-page\" data-elementor-id=\"613\" class=\"elementor elementor-613\" data-elementor-post-type=\"page\">\n\t\t\t\t<div class=\"elementor-element elementor-element-214c714 e-con-full e-flex e-con e-parent\" data-id=\"214c714\" data-element_type=\"container\" data-e-type=\"container\">\n\t\t<div class=\"elementor-element elementor-element-2589499 e-con-full e-flex e-con e-child\" data-id=\"2589499\" data-element_type=\"container\" data-e-type=\"container\">\n\t\t\t\t<div class=\"elementor-element elementor-element-149d327 elementor-widget elementor-widget-spacer\" data-id=\"149d327\" data-element_type=\"widget\" data-e-type=\"widget\" data-widget_type=\"spacer.default\">\n\t\t\t\t<div class=\"elementor-widget-container\">\n\t\t\t\t\t\t\t<div class=\"elementor-spacer\">\n\t\t\t<div class=\"elementor-spacer-inner\"><\/div>\n\t\t<\/div>\n\t\t\t\t\t\t<\/div>\n\t\t\t\t<\/div>\n\t\t\t\t<\/div>\n\t\t<div class=\"elementor-element elementor-element-3732579 e-con-full e-flex e-con e-child\" data-id=\"3732579\" data-element_type=\"container\" data-e-type=\"container\">\n\t\t\t\t<div class=\"elementor-element elementor-element-55ac086 elementor-widget elementor-widget-heading\" data-id=\"55ac086\" data-element_type=\"widget\" data-e-type=\"widget\" data-widget_type=\"heading.default\">\n\t\t\t\t<div class=\"elementor-widget-container\">\n\t\t\t\t\t<h2 class=\"elementor-heading-title elementor-size-default\">Iscriviti per una prova gratuita di 7 giorni dell'account Premium<\/h2>\t\t\t\t<\/div>\n\t\t\t\t<\/div>\n\t\t\t\t<div class=\"elementor-element elementor-element-8330ae4 elementor-widget elementor-widget-text-editor\" data-id=\"8330ae4\" data-element_type=\"widget\" data-e-type=\"widget\" data-widget_type=\"text-editor.default\">\n\t\t\t\t<div class=\"elementor-widget-container\">\n\t\t\t\t\t\t\t\t\t<p>Ti invieremo un'e-mail quando l'account di prova sar\u00e0 scaduto.\u00a0<\/p>\t\t\t\t\t\t\t\t<\/div>\n\t\t\t\t<\/div>\n\t\t\t\t<div class=\"elementor-element elementor-element-7399309 elementor-widget elementor-widget-shortcode\" data-id=\"7399309\" data-element_type=\"widget\" data-e-type=\"widget\" data-widget_type=\"shortcode.default\">\n\t\t\t\t<div class=\"elementor-widget-container\">\n\t\t\t\t\t\t\t<div class=\"elementor-shortcode\">\t<div class='user-registration ur-frontend-form  ur-frontend-form--rounded' id='user-registration-form-612'>\n\t\t\t\t\t\t\t\t<form method='post' class='register' data-form-id=\"612\"\n\t\t\t\tdata-enable-strength-password=\"\" data-minimum-password-strength=\"3\"\n\t\t\t\t\t\t\t\t\t\t\t\t\t\t\t data-captcha-enabled=\"1\" action=\"\">\n\n\t\t\t\t<div class=\"ur-form-row\" data-row-id=\"0\">\t\t\t\t\t\t\t<div class=\"ur-form-grid ur-grid-1\"\n\t\t\t\t\t\t\t\tstyle=\"width:48%\">\n\t\t\t\t\t\t\t\t\t\t\t\t\t\t\t\t<div  data-field-id=\"user_login\" class=\"ur-field-item field-user_login\" data-ref-id=\"user_login\" data-field-pattern-enabled=\"0\" data-field-pattern-value=\" \" data-field-pattern-message=\" \">\n\t\t\t\t\t\t\t\t\t\t<div class=\"form-row validate-required\" id=\"user_login_field\" data-priority=\"\" ><label for=\"user_login\" class=\"ur-label\">Nome <abbr class=\"required\" title=\"required\">*<\/abbr><\/label> <span class=\"input-wrapper\"> <input  data-rules=\"\" data-id=\"user_login\" type=\"text\" class=\"input-text   input-text ur-frontend-field\" name=\"user_login\" id=\"user_login\" placeholder=\"\"  value=\"\" required=\"required\" data-label=\"Nombre\" data-username-character=\"1\"\/> <\/span> <\/div>\t\t\t\t\t\t\t\t\t<\/div>\n\t\t\t\t\t\t\t\t\t\t\t\t\t\t\t\t<\/div>\n\t\t\t\t\t\t\t\t\t\t\t\t\t\t<div class=\"ur-form-grid ur-grid-2\"\n\t\t\t\t\t\t\t\tstyle=\"width:48%\">\n\t\t\t\t\t\t\t\t\t\t\t\t\t\t\t\t<div  data-field-id=\"last_name\" class=\"ur-field-item field-last_name\" data-ref-id=\"last_name\" data-field-pattern-enabled=\"0\" data-field-pattern-value=\" \" data-field-pattern-message=\" \">\n\t\t\t\t\t\t\t\t\t\t<div class=\"form-row\" id=\"last_name_field\" data-priority=\"\" ><label for=\"last_name\" class=\"ur-label\">Cognomi<\/label> <span class=\"input-wrapper\"> <input  data-rules=\"\" data-id=\"last_name\" type=\"text\" class=\"input-text   input-text ur-frontend-field\" name=\"last_name\" id=\"last_name\" placeholder=\"\"  value=\"\" data-label=\"Apellidos\" \/> <\/span> <\/div>\t\t\t\t\t\t\t\t\t<\/div>\n\t\t\t\t\t\t\t\t\t\t\t\t\t\t\t\t<\/div>\n\t\t\t\t\t\t\t\t\t\t\t\t\t<\/div>\n\t\t\t\t\t\t<div class=\"ur-form-row\" data-row-id=\"1\">\t\t\t\t\t\t\t<div class=\"ur-form-grid ur-grid-1\"\n\t\t\t\t\t\t\t\tstyle=\"width:99%\">\n\t\t\t\t\t\t\t\t\t\t\t\t\t\t\t\t<div  data-field-id=\"user_email\" class=\"ur-field-item field-user_email\" data-ref-id=\"user_email\" data-field-pattern-enabled=\"0\" data-field-pattern-value=\" \" data-field-pattern-message=\" \">\n\t\t\t\t\t\t\t\t\t\t<div class=\"form-row validate-required\" id=\"user_email_field\" data-priority=\"\" ><label for=\"user_email\" class=\"ur-label\">Email <abbr class=\"required\" title=\"required\">*<\/abbr><\/label> <span class=\"input-wrapper\"> <input  data-rules=\"\" data-id=\"user_email\" type=\"email\" class=\"input-text   input-email ur-frontend-field\" name=\"user_email\" id=\"user_email\" placeholder=\"\"  value=\"\" required=\"required\" data-label=\"Email\" \/> <\/span> <\/div>\t\t\t\t\t\t\t\t\t<\/div>\n\t\t\t\t\t\t\t\t\t\t\t\t\t\t\t\t\t\t<div  data-field-id=\"user_pass\" class=\"ur-field-item field-user_pass\" data-ref-id=\"user_pass\" data-field-pattern-enabled=\"0\" data-field-pattern-value=\" \" data-field-pattern-message=\" \">\n\t\t\t\t\t\t\t\t\t\t<div class=\"form-row validate-required hide_show_password\" id=\"user_pass_field\" data-priority=\"\"><label for=\"user_pass\" class=\"ur-label\">Password <abbr class=\"required\" title=\"required\">*<\/abbr><\/label> <span class=\"input-wrapper\"> <span class=\"password-input-group input-form-field-icons\"><input data-rules=\"\" data-id=\"user_pass\" type=\"password\" class=\"input-text  input-password ur-frontend-field\" name=\"user_pass\" id=\"user_pass\" placeholder=\"\"  value=\"\" required=\"required\" data-label=\"Contrase\u00f1a\" \/><\/span> <\/span> <\/div>\t\t\t\t\t\t\t\t\t<\/div>\n\t\t\t\t\t\t\t\t\t\t\t\t\t\t\t\t\t\t<div  data-field-id=\"user_confirm_password\" class=\"ur-field-item field-user_confirm_password\" data-ref-id=\"user_confirm_password\" data-field-pattern-enabled=\"0\" data-field-pattern-value=\" \" data-field-pattern-message=\" \">\n\t\t\t\t\t\t\t\t\t\t<div class=\"form-row validate-required hide_show_password\" id=\"user_confirm_password_field\" data-priority=\"\"><label for=\"user_confirm_password\" class=\"ur-label\">Conferma password <abbr class=\"required\" title=\"required\">*<\/abbr><\/label> <span class=\"input-wrapper\"> <span class=\"password-input-group input-form-field-icons\"><input data-rules=\"\" data-id=\"user_confirm_password\" type=\"password\" class=\"input-text  input-password ur-frontend-field\" name=\"user_confirm_password\" id=\"user_confirm_password\" placeholder=\"\"  value=\"\" required=\"required\" data-label=\"Confirmar contrase\u00f1a\" \/><\/span> <\/span> <\/div>\t\t\t\t\t\t\t\t\t<\/div>\n\t\t\t\t\t\t\t\t\t\t\t\t\t\t\t\t\t\t<div  data-field-id=\"privacy_policy_1706260346\" class=\"ur-field-item field-privacy_policy\" data-ref-id=\"privacy_policy_1706260346\" data-field-pattern-enabled=\"0\" data-field-pattern-value=\" \" data-field-pattern-message=\" \">\n\t\t\t\t\t\t\t\t\t\t<div class=\"form-row validate-required\" id=\"privacy_policy_1706260346_field\" data-priority=\"\" ><label class=\"ur-label checkbox\" required=\"required\" data-label=\"Acepto que mis datos sean guardados tal y como se indica en la Pol\u00edtica de Privacidad\">\n\t\t\t\t\t\t\t<input data-rules=\"\" data-id=\"privacy_policy_1706260346\" required=\"required\" data-label=\"Acepto que mis datos sean guardados tal y como se indica en la Pol\u00edtica de Privacidad\" data-value=\"\" type=\"checkbox\" class=\"input-checkbox ur-frontend-field\" name=\"privacy_policy_1706260346\" id=\"privacy_policy_1706260346\" value=\"1\"  \/> Accetto che i miei dati vengano salvati come indicato nella Privacy Policy <abbr class=\"required\" title=\"required\">*<\/abbr><\/label><\/div>\t\t\t\t\t\t\t\t\t<\/div>\n\t\t\t\t\t\t\t\t\t\t\t\t\t\t\t\t<\/div>\n\t\t\t\t\t\t\t\t\t\t\t\t\t<\/div>\n\t\t\t\t\t\t\t\t\t\t\t\t<div id=\"ur-recaptcha-node\"> <div id=\"node_recaptcha_register\" class=\"g-recaptcha\"><\/div><\/div>\t\t\t\t\t\t<div class=\"ur-button-container\" >\n\t\t\t\t\t\t\t\t\t\t\t\t\t\t<button type=\"submit\" class=\"btn button ur-submit-button botonregist\"  conditional_rules=\"&quot;&quot;\">\n\t\t\t\t\t\t\t\t<span><\/span>\n\t\t\t\t\t\t\t\tAccettare\t\t\t\t\t\t\t<\/button>\n\t\t\t\t\t\t\t\t\t\t\t\t\t\t\t\t\t\t\t\t<\/div>\n\t\t\t\t\t\t\n\t\t\t\t<div style=\"clear:both\"><\/div>\n\t\t\t\t\t\t\t\t<input type=\"hidden\" name=\"ur-registration-language\" value=\"it-IT\"\/>\n\t\t\t\t<input type=\"hidden\" name=\"ur-user-form-id\" value=\"612\"\/>\n\t\t\t\t<input type=\"hidden\" name=\"ur-redirect-url\" value=\"https:\/\/www.musicgates.pro\/it\/canales\/\"\/>\n\t\t\t\t<input type=\"hidden\" id=\"ur_frontend_form_nonce\" name=\"ur_frontend_form_nonce\" value=\"2aa2c0fae6\" \/>\n\t\t\t\t\n\t\t\t<input type=\"hidden\" name=\"trp-form-language\" value=\"it\"\/><\/form>\n\t\t\t\n\t\t<div style=\"clear:both\"><\/div>\n\t<\/div>\n\n<\/div>\n\t\t\t\t\t\t<\/div>\n\t\t\t\t<\/div>\n\t\t\t\t<\/div>\n\t\t\t\t<\/div>\n\t\t\t\t<\/div>","protected":false},"excerpt":{"rendered":"<p>Reg\u00edstrate gratis para obtener una prueba de 7 d\u00edas de la cuenta Premium Te enviaremos un correo electr\u00f3nico cuando la cuenta de prueba haya expirado.\u00a0<\/p>","protected":false},"author":1,"featured_media":0,"parent":0,"menu_order":0,"comment_status":"closed","ping_status":"closed","template":"","meta":{"footnotes":""},"class_list":["post-613","page","type-page","status-publish","hentry"],"_links":{"self":[{"href":"https:\/\/www.musicgates.pro\/it\/wp-json\/wp\/v2\/pages\/613","targetHints":{"allow":["GET"]}}],"collection":[{"href":"https:\/\/www.musicgates.pro\/it\/wp-json\/wp\/v2\/pages"}],"about":[{"href":"https:\/\/www.musicgates.pro\/it\/wp-json\/wp\/v2\/types\/page"}],"author":[{"embeddable":true,"href":"https:\/\/www.musicgates.pro\/it\/wp-json\/wp\/v2\/users\/1"}],"replies":[{"embeddable":true,"href":"https:\/\/www.musicgates.pro\/it\/wp-json\/wp\/v2\/comments?post=613"}],"version-history":[{"count":13,"href":"https:\/\/www.musicgates.pro\/it\/wp-json\/wp\/v2\/pages\/613\/revisions"}],"predecessor-version":[{"id":879,"href":"https:\/\/www.musicgates.pro\/it\/wp-json\/wp\/v2\/pages\/613\/revisions\/879"}],"wp:attachment":[{"href":"https:\/\/www.musicgates.pro\/it\/wp-json\/wp\/v2\/media?parent=613"}],"curies":[{"name":"wp","href":"https:\/\/api.w.org\/{rel}","templated":true}]}}