{"id":815,"date":"2024-01-30T11:00:48","date_gmt":"2024-01-30T10:00:48","guid":{"rendered":"https:\/\/test.musicgates.es\/?page_id=815"},"modified":"2025-10-07T13:20:03","modified_gmt":"2025-10-07T11:20:03","slug":"aviso-legal","status":"publish","type":"page","link":"https:\/\/www.musicgates.pro\/it\/aviso-legal\/","title":{"rendered":"Aviso Legal"},"content":{"rendered":"<div data-elementor-type=\"wp-page\" data-elementor-id=\"815\" class=\"elementor elementor-815\" data-elementor-post-type=\"page\">\n\t\t\t\t<div class=\"elementor-element elementor-element-98c47db e-con-full e-flex e-con e-parent\" data-id=\"98c47db\" data-element_type=\"container\">\n\t\t\t\t<div class=\"elementor-element elementor-element-3288b59 elementor-widget elementor-widget-text-editor\" data-id=\"3288b59\" data-element_type=\"widget\" data-widget_type=\"text-editor.default\">\n\t\t\t\t<div class=\"elementor-widget-container\">\n\t\t\t\t\t\t\t<p><!-- wp:heading --><\/p>\n<div id=\"page-top\">\n<div class=\"inner\">\n<div id=\"page-top\">\n<div class=\"inner\">\n<h4 class=\"page-title\">Avviso legale<\/h4>\n<\/div>\n<\/div>\n<div id=\"content\">\n<div class=\"inner\">\n<div id=\"main\">\n<ol>\n<li><b>OGGETTO<\/b><\/li>\n<\/ol>\n<p>Il presente avviso legale regola l'uso e l'utilizzo del sito web <a href=\"https:\/\/www.musicgates.pro\/it\/\">www.musicgates.pro<\/a> del que es titular KAKIGORYS CORO, S.L. (en adelante, EL PROPIETARIO DE LA WEB).<\/p>\n<p>La navigazione sul sito web del PROPRIETARIO DEL SITO WEB le conferisce la qualit\u00e0 di UTENTE dello stesso e comporta l'accettazione piena e senza riserve di tutte e ciascuna delle condizioni pubblicate in questo avviso legale, avvertendo che tali condizioni potrebbero essere modificate senza preavviso da parte del PROPRIETARIO DEL SITO WEB, nel qual caso si proceder\u00e0 alla loro pubblicazione e avviso con il massimo anticipo possibile.<\/p>\n<p>Pertanto, \u00e8 consigliabile leggere attentamente il suo contenuto nel caso in cui si desideri accedere e utilizzare le informazioni e i servizi offerti da questo sito web.<\/p>\n<p>Inoltre, l'utente si impegna a fare un uso corretto del sito web in conformit\u00e0 alle leggi, alla buona fede, all'ordine pubblico, alle usanze del traffico e al presente Avviso Legale, e risponder\u00e0 al PROPRIETARIO DEL SITO WEB o a terzi, per eventuali danni che potrebbero derivare dal mancato adempimento di tale obbligo.<\/p>\n<p>Qualsiasi utilizzo diverso da quello autorizzato \u00e8 espressamente vietato, e il PROPRIETARIO DEL SITO WEB pu\u00f2 negare o ritirare l'accesso e l'uso in qualsiasi momento.<\/p>\n<ol start=\"2\">\n<li><strong>IDENTIFICAZIONE\u00a0<\/strong><\/li>\n<\/ol>\n<p>IL PROPRIETARIO DEL SITO WEB, in ottemperanza alla Legge 34\/2002, dell'11 luglio, sui Servizi della Societ\u00e0 dell'Informazione e del Commercio Elettronico, informa che:<\/p>\n<ul>\n<li>Su denominaci\u00f3n social es: KAKIGORYS CORO, S.L.<\/li>\n<li>Su CIF es: B-55271043<\/li>\n<li>Su domicilio social est\u00e1 en: C\/ Camp de Mart 4, local 2b, 17001 Girona<\/li>\n<li>\u00c8 iscritta nel Registro Mercantile di Girona, volume 2986, foglio 165, sezione 8, pagina GI 56737, registrazione 1\u00aa.<\/li>\n<\/ul>\n<p>\u00a0<\/p>\n<ol start=\"3\">\n<li><strong>COMUNICAZIONI<\/strong><\/li>\n<\/ol>\n<p>Per contattarci, mettiamo a disposizione diversi mezzi di contatto che dettagliamo di seguito:<\/p>\n<ul>\n<li>: +34 972 017 665<\/li>\n<li>Email: <a href=\"mailto:info@musicgates.es\">info@musicgates.es<\/a><\/li>\n<\/ul>\n<p>Tutte le notifiche e le comunicazioni tra gli utenti e IL PROPRIETARIO DEL SITO WEB saranno considerate efficaci, per tutti gli effetti, quando vengano effettuate tramite uno qualsiasi dei mezzi sopra dettagliati.<\/p>\n<ol start=\"4\">\n<li><strong>CONDIZIONI DI ACCESSO E UTILIZZO<\/strong><\/li>\n<\/ol>\n<p>Il sito web e i suoi servizi sono di accesso libero e gratuito. Tuttavia, IL PROPRIETARIO DEL SITO WEB pu\u00f2 subordinare l'utilizzo di alcuni dei servizi offerti sul suo sito web al previo completamento del modulo corrispondente.<\/p>\n<p>L'utente garantisce l'autenticit\u00e0 e l'attualit\u00e0 di tutti i dati comunicati a IL PROPRIETARIO DEL SITO WEB e sar\u00e0 l'unico responsabile delle dichiarazioni false o inesatte che effettua.<\/p>\n<p>L'utente si impegna espressamente a fare un uso appropriato dei contenuti e dei servizi di IL PROPRIETARIO DEL SITO WEB e a non utilizzarli per, tra gli altri:<\/p>\n<ol>\n<li>Diffondere contenuti illegali, violenti, pornografici, razzisti, xenofobi, offensivi, di apologia del terrorismo o, in generale, contrari alla legge o all'ordine pubblico.<\/li>\n<li>Introdurre virus informatici o compiere azioni suscettibili di alterare, danneggiare, interrompere o generare errori o danni nei documenti elettronici, dati o sistemi fisici e logici di IL PROPRIETARIO DEL SITO WEB o di terzi; cos\u00ec come ostacolare l'accesso di altri utenti al sito web e ai suoi servizi attraverso il consumo massivo delle risorse informatiche attraverso le quali IL PROPRIETARIO DEL SITO WEB presta i suoi servizi.<\/li>\n<li>Tentare di accedere alle caselle di posta elettronica di altri utenti o ad aree riservate dei sistemi informatici di IL PROPRIETARIO DEL SITO WEB o di terzi e, se del caso, estrarre informazioni.<\/li>\n<li>Violare i diritti di propriet\u00e0 intellettuale o industriale, cos\u00ec come violare la riservatezza delle informazioni di IL PROPRIETARIO DEL SITO WEB o di terzi.<\/li>\n<li>Sostituire l'identit\u00e0 di qualsiasi altro utente.<\/li>\n<li>Riprodurre, copiare, distribuire, mettere a disposizione, o qualsiasi altra forma di comunicazione pubblica, trasformare o modificare i contenuti, a meno che non si abbia l'autorizzazione del titolare dei corrispondenti diritti o ci\u00f2 sia legalmente consentito.<\/li>\n<li>Raccogliere dati con finalit\u00e0 pubblicitaria e inviare pubblicit\u00e0 di qualsiasi tipo e comunicazioni a scopo di vendita o altre di natura commerciale senza che vi sia una richiesta preventiva o un consenso.<\/li>\n<\/ol>\n<p>Tutti i contenuti del sito web, come testi, fotografie, grafica, immagini, icone, tecnologia, software, nonch\u00e9 il suo design grafico e codice sorgente, costituiscono un'opera di propriet\u00e0 di IL PROPRIETARIO DEL SITO WEB, senza che l'utente possa intendersi ceduto alcun diritto di sfruttamento degli stessi al di l\u00e0 di quanto strettamente necessario per il corretto utilizzo del sito web.<\/p>\n<p>In definitiva, gli utenti che accedono a questo sito web possono visualizzare i contenuti e fare, se del caso, copie private autorizzate, purch\u00e9 gli elementi riprodotti non siano successivamente ceduti a terzi, n\u00e9 installati su server connessi a reti, n\u00e9 oggetto di alcun tipo di sfruttamento.<\/p>\n<p>Inoltre, tutti i marchi, i nomi commerciali o i segni distintivi di qualsiasi tipo che compaiono sul sito web sono di propriet\u00e0 di IL PROPRIETARIO DEL SITO WEB, senza che l'accesso o l'uso dello stesso attribuiscano all'utente alcun diritto su di essi.<\/p>\n<p>La distribuzione, la modifica, la cessione o la comunicazione pubblica dei contenuti e qualsiasi altro atto che non sia stato espressamente autorizzato dal titolare dei diritti di sfruttamento sono vietati.<\/p>\n<p>L'istituzione di un collegamento ipertestuale non implica in alcun caso l'esistenza di relazioni tra IL PROPRIETARIO DEL SITO WEB e il proprietario del sito web su cui \u00e8 stabilito, n\u00e9 l'accettazione e l'approvazione da parte di IL PROPRIETARIO DEL SITO WEB dei suoi contenuti o servizi.<\/p>\n<p>IL PROPRIETARIO DEL SITO WEB non si assume responsabilit\u00e0 per l'uso che ciascun utente fa dei materiali messi a disposizione su questo sito web n\u00e9 per le azioni compiute sulla base degli stessi.<\/p>\n<ul>\n<li><strong>ESCLUSIONE DI GARANZIE E RESPONSABILIT\u00c0 NELL'ACCESSO E NELL'UTILIZZO<\/strong><\/li>\n<\/ul>\n<p>Il contenuto del presente sito web \u00e8 di carattere generale e ha unicamente scopo informativo, senza garantire pienamente l'accesso a tutti i contenuti, n\u00e9 la loro completezza, correttezza, validit\u00e0 o attualit\u00e0, n\u00e9 la loro idoneit\u00e0 o utilit\u00e0 per uno specifico obiettivo.<\/p>\n<p>. IL PROPRIETARIO DEL SITO WEB esclude, nella misura consentita dalla legge, qualsiasi responsabilit\u00e0 per danni di qualsiasi natura derivanti da:<\/p>\n<ol>\n<li>L'impossibilit\u00e0 di accedere al sito web o la mancanza di veridicit\u00e0, precisione, completezza e\/o attualit\u00e0 dei contenuti, cos\u00ec come l'esistenza di vizi e difetti di qualsiasi tipo nei contenuti trasmessi, diffusi, archiviati o resi disponibili, a cui si sia acceduto tramite il sito web o i servizi offerti.<\/li>\n<li>La presenza di virus o altri elementi nei contenuti che possano causare alterazioni nei sistemi informatici, nei documenti elettronici o nei dati degli utenti.<\/li>\n<li>La violazione delle leggi, della buona fede, dell'ordine pubblico, degli usi del traffico e del presente avviso legale a causa dell'uso improprio del sito web. In particolare, a titolo esemplificativo, IL PROPRIETARIO DEL SITO WEB non si assume responsabilit\u00e0 per le azioni di terzi che violino diritti di propriet\u00e0 intellettuale e industriale, segreti aziendali, diritti all'onore, alla privacy personale e familiare e all'immagine stessa, cos\u00ec come la normativa sulla concorrenza sleale e sulla pubblicit\u00e0 illecita.<\/li>\n<\/ol>\n<p><br \/>Inoltre, IL PROPRIETARIO DEL SITO WEB declina ogni responsabilit\u00e0 riguardo alle informazioni che si trovano al di fuori di questo sito web e non sono gestite direttamente dal nostro webmaster. La funzione dei link presenti su questo sito web \u00e8 esclusivamente quella di informare l'utente sull'esistenza di altre fonti che possono ampliare i contenuti offerti da questo sito web. IL PROPRIETARIO DEL SITO WEB non garantisce n\u00e9 si assume responsabilit\u00e0 per il funzionamento o l'accessibilit\u00e0 dei siti collegati; n\u00e9 suggerisce, invita o raccomanda la visita agli stessi, pertanto non sar\u00e0 responsabile per i risultati ottenuti. IL PROPRIETARIO DEL SITO WEB non si assume responsabilit\u00e0 per l'instaurazione di collegamenti ipertestuali da parte di terzi.<\/p>\n<ul>\n<li><strong>PROCEDURA IN CASO DI ATTIVIT\u00c0 ILLECITE<\/strong><\/li>\n<\/ul>\n<p>Nel caso in cui qualsiasi utente o terzo ritenga che esistano fatti o circostanze che rivelino il carattere illecito dell'utilizzo di qualsiasi contenuto e\/o della realizzazione di qualsiasi attivit\u00e0 nelle pagine web incluse o accessibili tramite il sito web, dovr\u00e0 inviare una notifica al PROPRIETARIO DEL SITO WEB identificandosi adeguatamente e specificando le presunte violazioni.<\/p>\n<ul>\n<li><strong>PUBBLICAZIONI<\/strong><\/li>\n<\/ul>\n<p>Le informazioni amministrative fornite tramite il sito web non sostituiscono la pubblicit\u00e0 legale delle leggi, dei regolamenti, dei piani, delle disposizioni generali e degli atti che devono essere formalmente pubblicati sui giornali ufficiali delle amministrazioni pubbliche, che costituiscono l'unico strumento che ne attesta l'autenticit\u00e0 e il contenuto. Le informazioni disponibili su questo sito web devono essere considerate come una guida senza scopo di validit\u00e0 legale.<\/p>\n<ol start=\"5\">\n<li><strong>LEGISLAZIONE APPLICABILE<\/strong><\/li>\n<\/ol>\n<p>Le presenti condizioni saranno regolate dalla legislazione spagnola vigente.<\/p>\n<p>La lingua utilizzata sar\u00e0 lo spagnolo.<\/p>\n<\/div>\n<\/div>\n<\/div>\n<\/div>\n<\/div>\n<p><!-- \/wp:paragraph --><\/p>\t\t\t\t\t\t<\/div>\n\t\t\t\t<\/div>\n\t\t\t\t<\/div>\n\t\t\t\t<\/div>","protected":false},"excerpt":{"rendered":"<p>Aviso legal OBJETO El presente aviso legal regula el uso y utilizaci\u00f3n del sitio web www.musicgates.pro del que es titular KAKIGORYS CORO, S.L. (en adelante, EL PROPIETARIO DE LA WEB). La navegaci\u00f3n por el sitio web de EL PROPIETARIO DE LA WEB le atribuye la condici\u00f3n de USUARIO del mismo y conlleva su aceptaci\u00f3n plena [&hellip;]<\/p>","protected":false},"author":1,"featured_media":0,"parent":0,"menu_order":0,"comment_status":"closed","ping_status":"closed","template":"","meta":{"footnotes":""},"_links":{"self":[{"href":"https:\/\/www.musicgates.pro\/it\/wp-json\/wp\/v2\/pages\/815"}],"collection":[{"href":"https:\/\/www.musicgates.pro\/it\/wp-json\/wp\/v2\/pages"}],"about":[{"href":"https:\/\/www.musicgates.pro\/it\/wp-json\/wp\/v2\/types\/page"}],"author":[{"embeddable":true,"href":"https:\/\/www.musicgates.pro\/it\/wp-json\/wp\/v2\/users\/1"}],"replies":[{"embeddable":true,"href":"https:\/\/www.musicgates.pro\/it\/wp-json\/wp\/v2\/comments?post=815"}],"version-history":[{"count":9,"href":"https:\/\/www.musicgates.pro\/it\/wp-json\/wp\/v2\/pages\/815\/revisions"}],"predecessor-version":[{"id":1030,"href":"https:\/\/www.musicgates.pro\/it\/wp-json\/wp\/v2\/pages\/815\/revisions\/1030"}],"wp:attachment":[{"href":"https:\/\/www.musicgates.pro\/it\/wp-json\/wp\/v2\/media?parent=815"}],"curies":[{"name":"wp","href":"https:\/\/api.w.org\/{rel}","templated":true}]}}