{"id":819,"date":"2024-01-30T11:03:35","date_gmt":"2024-01-30T10:03:35","guid":{"rendered":"https:\/\/test.musicgates.es\/?page_id=819"},"modified":"2025-10-07T13:28:42","modified_gmt":"2025-10-07T11:28:42","slug":"politica-de-cookies","status":"publish","type":"page","link":"https:\/\/www.musicgates.pro\/it\/politica-de-cookies\/","title":{"rendered":"Politica dei cookie"},"content":{"rendered":"<div data-elementor-type=\"wp-page\" data-elementor-id=\"819\" class=\"elementor elementor-819\" data-elementor-post-type=\"page\">\n\t\t\t\t<div class=\"elementor-element elementor-element-0b619e4 e-con-full e-flex e-con e-parent\" data-id=\"0b619e4\" data-element_type=\"container\">\n\t\t\t\t<div class=\"elementor-element elementor-element-6b2ce11 elementor-widget elementor-widget-text-editor\" data-id=\"6b2ce11\" data-element_type=\"widget\" data-widget_type=\"text-editor.default\">\n\t\t\t\t<div class=\"elementor-widget-container\">\n\t\t\t\t\t\t\t<p><!-- wp:heading --><\/p>\n<div id=\"page-top\">\n<div class=\"inner\">\n<div id=\"page-top\">\n<div class=\"inner\">\n<h3 class=\"page-title\">Politica dei cookie<\/h3>\n<\/div>\n<\/div>\n<div id=\"content\">\n<div class=\"inner\">\n<div id=\"main\">\n<p><strong>Cosa \u00e8 un cookie?<\/strong><\/p>\n<p>Un cookie \u00e8 un file che viene scaricato sul tuo computer quando l'utente accede a determinate pagine web. I cookie consentono a un sito web, tra le altre cose, di memorizzare e recuperare informazioni sui comportamenti di navigazione di un utente o del suo dispositivo e, a seconda delle informazioni contenute e del modo in cui viene utilizzato il dispositivo, possono essere utilizzati per riconoscere l'utente.<\/p>\n<p><strong>Quali tipi di cookie esistono?<\/strong><\/p>\n<p>Esistono vari tipi di cookie in base a diversi criteri:<\/p>\n<p>In base al tempo di attivazione:<\/p>\n<ul>\n<li>Cookie di sessione. Sono un tipo di cookie progettati per raccogliere e memorizzare dati mentre l'utente accede a un sito web.<\/li>\n<li>Cookie permanenti: Sono un tipo di cookie in cui i dati rimangono memorizzati nel dispositivo e possono essere accessibili e trattati per un periodo definito dal responsabile dei cookie.<\/li>\n<\/ul>\n<p>In base alla propriet\u00e0:<\/p>\n<ul>\n<li>Cookies propias. Son las que pertenecen a KAKIGORYS CORO, S.L.<\/li>\n<li>Cookies de terceros. Son aquellas cuya titularidad es de un tercero, distinto de KAKIGORYS CORO, S.L., que ser\u00e1 quien trate la informaci\u00f3n recabada.<\/li>\n<\/ul>\n<p>In base alla finalit\u00e0:<\/p>\n<ul>\n<li>Cookie tecnici e\/o di personalizzazione. Sono quelli che servono per migliorare il servizio, individuare problemi, riconoscere l'utente, ecc.<\/li>\n<li>Cookie di analisi e\/o pubblicit\u00e0. Sono quelli che servono per analizzare informazioni sulla navigazione e offrire pubblicit\u00e0, generica o personalizzata.<\/li>\n<\/ul>\n<p><strong><br \/>Quali tipi di cookie sono pi\u00f9 comuni?<\/strong><\/p>\n<p>T\u00c9CNICAS: Son cookies PROPIAS, de sesi\u00f3n, de identificaci\u00f3n, de configuraci\u00f3n y de registro, estrictamente necesarias para la identificaci\u00f3n del usuario y para la prestaci\u00f3n de los servicios solicitados por el usuario. La informaci\u00f3n obtenida a trav\u00e9s de las mismas es tratada \u00fanicamente por KAKIGORYS CORO, S.L.<\/p>\n<p>DI ANALISI: Sono quelli che, trattati da noi o da terzi, ci consentono di quantificare il numero di utenti e di effettuare la misurazione e l'analisi statistica dell'utilizzo del servizio offerto dagli utenti. A tal fine, viene analizzata la loro navigazione sul nostro sito web al fine di migliorare l'offerta di prodotti o servizi che offriamo.<\/p>\n<p>PUBBLICITARI: Sono quelli che, trattati da noi o da terzi, consentono la gestione, nel modo pi\u00f9 efficiente possibile, degli spazi pubblicitari che potrebbero essere inclusi sul nostro sito web e\/o memorizzano informazioni sul comportamento degli utenti ottenute attraverso l'osservazione continua. Grazie ad essi, possiamo conoscere le abitudini di navigazione su Internet e mostrare pubblicit\u00e0 correlata al profilo di navigazione dell'utente.<\/p>\n<p><strong>A cosa serve un cookie?<\/strong><\/p>\n<p>I cookie vengono utilizzati per offrire servizi e\/o pubblicit\u00e0 personalizzate, per analizzare il funzionamento del sistema, riconoscerti quando accedi come utente, individuare problemi e risolverli nel minor tempo possibile, nonch\u00e9 analizzare e misurare l'uso e l'attivit\u00e0 del sito web.<\/p>\n<p><strong>\u00c8 necessario il mio consenso per installare un cookie?<\/strong><strong>\u00a0<\/strong><\/p>\n<p>Non \u00e8 richiesto il consenso per l'installazione di cookie tecnici o quelli strettamente necessari per la fornitura di un servizio della societ\u00e0 dell'informazione espressamente richiesto dal destinatario.<\/p>\n<p>Para el resto, s\u00ed se precisa del consentimiento del interesado que se puede solicitar por distintas v\u00edas. En el caso de KAKIGORYS CORO, S.L., se entender\u00e1 otorgado si Vd. sigue utilizando la p\u00e1gina web, sin perjuicio de que en cualquier momento podr\u00e1 revocarlo y desactivar las cookies.<\/p>\n<p><strong>Che tipi di cookie utilizza questo sito web?<\/strong><\/p>\n<p>Cookie tecnici: Sono quelli creati e gestiti esclusivamente da noi e consentono all'utente di navigare sul nostro sito web e utilizzare le diverse opzioni come, ad esempio, identificare la sessione, personalizzare le informazioni o accedere a aree a accesso riservato.<\/p>\n<p>El lugar web de KAKIGORYS CORO, S.L., utiliza (o puede utilizar) Google Analytics, una herramienta de anal\u00edtica web desarrollada por Google, que ayuda a los propietarios de sitios web a medir c\u00f3mo interact\u00faan los usuarios con el contenido del sitio. Para la prestaci\u00f3n de estos servicios, Google Analytics utilizan cookies que recopilan la informaci\u00f3n, incluida la direcci\u00f3n IP del usuario que ser\u00e1 trasmitida, tratada y almacenada por Google en los t\u00e9rminos fijados en la web Google.com.<\/p>\n<p>Per ulteriori informazioni, consultare: <a href=\"https:\/\/developers.google.com\/analytics\/devguides\/collection\/analyticsjs\/cookie-usage\" target=\"_blank\" rel=\"noopener\">https:\/\/developers.google.com\/analytics\/devguides\/collection\/analyticsjs\/cookie-usage<\/a><\/p>\n<p>Il dominio web <a href=\"https:\/\/www.musicgates.pro\/it\/\">www.musicgates.pro<\/a> utilizza i seguenti tipi di cookie:<\/p>\n<img fetchpriority=\"high\" decoding=\"async\" class=\"wp-image-931 size-full alignnone\" src=\"https:\/\/www.musicgates.pro\/wp-content\/uploads\/2024\/06\/Captura-de-pantalla-2018-09-12-a-las-11.39.57.png\" alt=\"\" width=\"859\" height=\"389\" srcset=\"https:\/\/www.musicgates.pro\/wp-content\/uploads\/2024\/06\/Captura-de-pantalla-2018-09-12-a-las-11.39.57.png 859w, https:\/\/www.musicgates.pro\/wp-content\/uploads\/2024\/06\/Captura-de-pantalla-2018-09-12-a-las-11.39.57-300x136.png 300w, https:\/\/www.musicgates.pro\/wp-content\/uploads\/2024\/06\/Captura-de-pantalla-2018-09-12-a-las-11.39.57-768x348.png 768w, https:\/\/www.musicgates.pro\/wp-content\/uploads\/2024\/06\/Captura-de-pantalla-2018-09-12-a-las-11.39.57-18x8.png 18w\" sizes=\"(max-width: 859px) 100vw, 859px\" \/>\n<p><strong>Come disattivare i cookie?<\/strong><\/p>\n<p>Puoi consentire, bloccare o eliminare i cookie installati sul tuo computer tramite la configurazione delle opzioni del browser installato sul tuo computer.<\/p>\n<ul>\n<li>Firefox : <a href=\"https:\/\/support.mozilla.org\/es\/kb\/habilitar-y-deshabilitar-cookies-sitios-web-rastrear-preferencias?redirectlocale=es&amp;redirectslug=habilitar-y-deshabilitar-cookies-que-los-sitios-we\" target=\"_blank\" rel=\"noopener\">https:\/\/support.mozilla.org\/es\/kb\/habilitar-y-deshabilitar-cookies-sitios-web-rastrear-preferencias?redirectlocale=es&amp;redirectslug=habilitar-y-deshabilitar-cookies-que-los-sitios-we<\/a><\/li>\n<li>Chrome: <a href=\"https:\/\/support.google.com\/chrome\/answer\/95647?hl=es\" target=\"_blank\" rel=\"noopener\">https:\/\/support.google.com\/chrome\/answer\/95647?hl=e<\/a><\/li>\n<li>Internet Explorer: <a href=\"https:\/\/support.microsoft.com\/es-es\/products\/windows?os=windows-10\" target=\"_blank\" rel=\"noopener\">https:\/\/support.microsoft.com\/es-es\/products\/windows?os=windows-10<\/a><\/li>\n<li>Safari: <a href=\"https:\/\/support.apple.com\/kb\/ph5042?locale=es_ES\" target=\"_blank\" rel=\"noopener\">https:\/\/support.apple.com\/kb\/ph5042?locale=es_ES<\/a><\/li>\n<li>Safari per iOS: <a href=\"https:\/\/support.apple.com\/es-es\/HT201265\" target=\"_blank\" rel=\"noopener\">https:\/\/support.apple.com\/es-es\/HT201265<\/a><\/li>\n<li>Opera: <a href=\"http:\/\/help.opera.com\/Windows\/11.50\/es-ES\/cookies.html\" target=\"_blank\" rel=\"noopener\">http:\/\/help.opera.com\/Windows\/11.50\/es-ES\/cookies.html<\/a><\/li>\n<\/ul>\n<\/div>\n<\/div>\n<\/div>\n<\/div>\n<\/div>\n<p><!-- \/wp:paragraph --><\/p>\t\t\t\t\t\t<\/div>\n\t\t\t\t<\/div>\n\t\t\t\t<\/div>\n\t\t\t\t<\/div>","protected":false},"excerpt":{"rendered":"<p>Pol\u00edtica de cookies \u00bfQu\u00e9 es una cookie? Una cookie es un fichero que se descarga en su ordenador al acceder el Usuario a determinadas p\u00e1ginas web. Las cookies permiten a una p\u00e1gina web, entre otras cosas, almacenar y recuperar informaci\u00f3n sobre los h\u00e1bitos de navegaci\u00f3n de un usuario o de su equipo y, dependiendo de [&hellip;]<\/p>","protected":false},"author":1,"featured_media":0,"parent":0,"menu_order":0,"comment_status":"closed","ping_status":"closed","template":"","meta":{"footnotes":""},"_links":{"self":[{"href":"https:\/\/www.musicgates.pro\/it\/wp-json\/wp\/v2\/pages\/819"}],"collection":[{"href":"https:\/\/www.musicgates.pro\/it\/wp-json\/wp\/v2\/pages"}],"about":[{"href":"https:\/\/www.musicgates.pro\/it\/wp-json\/wp\/v2\/types\/page"}],"author":[{"embeddable":true,"href":"https:\/\/www.musicgates.pro\/it\/wp-json\/wp\/v2\/users\/1"}],"replies":[{"embeddable":true,"href":"https:\/\/www.musicgates.pro\/it\/wp-json\/wp\/v2\/comments?post=819"}],"version-history":[{"count":18,"href":"https:\/\/www.musicgates.pro\/it\/wp-json\/wp\/v2\/pages\/819\/revisions"}],"predecessor-version":[{"id":1036,"href":"https:\/\/www.musicgates.pro\/it\/wp-json\/wp\/v2\/pages\/819\/revisions\/1036"}],"wp:attachment":[{"href":"https:\/\/www.musicgates.pro\/it\/wp-json\/wp\/v2\/media?parent=819"}],"curies":[{"name":"wp","href":"https:\/\/api.w.org\/{rel}","templated":true}]}}