{"id":823,"date":"2024-01-30T11:06:03","date_gmt":"2024-01-30T10:06:03","guid":{"rendered":"https:\/\/test.musicgates.es\/?page_id=823"},"modified":"2025-10-07T13:36:21","modified_gmt":"2025-10-07T11:36:21","slug":"terminos-y-condiciones-del-servicio","status":"publish","type":"page","link":"https:\/\/www.musicgates.pro\/it\/terminos-y-condiciones-del-servicio\/","title":{"rendered":"Termini e condizioni del servizio"},"content":{"rendered":"<div data-elementor-type=\"wp-page\" data-elementor-id=\"823\" class=\"elementor elementor-823\" data-elementor-post-type=\"page\">\n\t\t\t\t<div class=\"elementor-element elementor-element-80d34aa e-con-full e-flex e-con e-parent\" data-id=\"80d34aa\" data-element_type=\"container\" data-e-type=\"container\">\n\t\t\t\t<div class=\"elementor-element elementor-element-612f74e elementor-widget elementor-widget-text-editor\" data-id=\"612f74e\" data-element_type=\"widget\" data-e-type=\"widget\" data-widget_type=\"text-editor.default\">\n\t\t\t\t<div class=\"elementor-widget-container\">\n\t\t\t\t\t\t\t\t\t<p><\/p>\n<div id=\"page-top\">\n<div class=\"inner\">\n<div id=\"page-top\">\n<div class=\"inner\">\n<h3 class=\"page-title wp-block-heading\">Termini e condizioni del servizio<\/h3>\n<\/div>\n<\/div>\n<div id=\"content\">\n<div class=\"inner\">\n<div id=\"main\">\n<p><b>TERMINI E CONDIZIONI DI VENDITA E ACCETTAZIONE.<\/b><\/p>\n<p>Il presente documento regola i termini e le condizioni d'uso del sito web accessibile e la relazione commerciale che sorge tra <strong>KAKIGORYS CORO<\/strong><b>, S.L. (en adelante el PROPIETARIO DE LA WEB) <\/b>y los usuarios que hagan la contrataci\u00f3n a distancia de los productos que aparecen en la web: www.musicgates.pro.<\/p>\n<p>www.musicgates.pro, web especializada en ofrecer a las empresas la alternativa de hilo musical en streaming.<span class=\"Apple-converted-space\">\u00a0<\/span><\/p>\n<p>Ti preghiamo di leggere attentamente le presenti condizioni prima di effettuare qualsiasi acquisto.<\/p>\n<p>L'effettuazione di un ordine e la sua conferma da parte dell'Utente implicano l'accettazione piena dei presenti termini e condizioni di vendita.<\/p>\n<p>Effettuando un acquisto sul nostro sito web, ci garantisci di avere almeno 18 anni e di avere la capacit\u00e0 legale necessaria per contrattare.<\/p>\n<p><b>Identificazione<\/b><\/p>\n<p>RAZ\u00d3N SOCIAL: KAKIGORYS CORO, S.L.<\/p>\n<p>NOME COMMERCIALE: MUSICGATES<\/p>\n<p>CIF \/ NIF \/ NIE: B-55271043<\/p>\n<p>DOMICILIO: C\/ Camp de Mart 4, local 2b<\/p>\n<p>POBLACI\u00d3N: 17001 \u2013 GIRONA<\/p>\n<p>PROVINCIA: GIRONA<\/p>\n<p>TELEFONO: +34 972 017 665<\/p>\n<p>EMAIL: <a href=\"mailto:info@musicgates.es\">info@musicgates.es<\/a><\/p>\n<p><b>Domicilio legale<\/b><\/p>\n<p>Questa azienda ha il suo domicilio legale, al quale \u00e8 possibile rivolgersi, per eventuali reclami, al seguente indirizzo:<\/p>\n<p>DOMICILIO: C\/ Camp de Mart 4, local 2b<\/p>\n<p>POBLACI\u00d3N: 17001 \u2013 GIRONA<\/p>\n<p>PROVINCIA: GIRONA<\/p>\n<p><b>Principali caratteristiche dei nostri prodotti e\/o servizi<\/b><\/p>\n<p>Le descrizioni dei Prodotti e Servizi offerti sul Sito Web sono basate sulle informazioni e sulla documentazione fornite dai produttori e dai fornitori del<b> PROPRIETARIO DEL SITO WEB.<\/b><\/p>\n<p><b>Disponibilit\u00e0 e sostituzioni<\/b><\/p>\n<p>Il nome commerciale dei prodotti pu\u00f2 differire dalla denominazione comune dei prodotti presenti sul mercato.<\/p>\n<p>I prodotti offerti sono distribuiti nella Penisola Iberica (escluso il Portogallo). Se l'ordine deve essere spedito al di fuori della Penisola, ti preghiamo di contattare il nostro servizio clienti per informazioni sul procedimento specifico per l'acquisto e la spedizione dei prodotti.<\/p>\n<p>Forniamo sul sito web informazioni sulla disponibilit\u00e0 dei prodotti che vendiamo e queste informazioni sono dettagliate nella pagina informativa di ciascun prodotto. Non siamo in grado di offrire informazioni pi\u00f9 precise sulla disponibilit\u00e0 di un prodotto oltre a quelle mostrate sulla pagina informativa del prodotto o in altre sezioni del sito web. Quando elaboreremo il tuo ordine, ti informeremo il prima possibile via e-mail se uno qualsiasi dei prodotti inclusi nel tuo ordine non \u00e8 disponibile.<\/p>\n<p>Tutti gli ordini sono soggetti alla disponibilit\u00e0 dei Prodotti. Nel caso in cui, una volta inviata la Conferma di Spedizione da parte del <b>IL PROPRIETARIO DEL SITO WEB<\/b> non sia possibile disporre del Prodotto richiesto per qualsiasi motivo, ci metteremo in contatto<\/p>\n<p>In tal caso, <b>IL PROPRIETARIO DEL SITO WEB<\/b> potr\u00e0:<\/p>\n<p>(I)\toffrire all'Utente, senza aumento di prezzo, un prodotto con caratteristiche e specifiche simili a quelle richieste inizialmente, purch\u00e9 soddisfino le esigenze dell'Utente; e\/o<\/p>\n<p>(II) offrire all'Utente la possibilit\u00e0 di annullare l'Ordine richiesto rimborsando l'importo pagato entro 14 giorni lavorativi.<\/p>\n<p><b>Prezzi<\/b><\/p>\n<p>Il prezzo di ciascun prodotto \u00e8 chiaramente indicato nella pagina informativa di ciascun prodotto, insieme alla relativa descrizione.<\/p>\n<p>In conformit\u00e0 alla legislazione vigente, ogni acquisto effettuato sul nostro sito web sar\u00e0 soggetto all'imposta sul valore aggiunto. La percentuale applicabile sar\u00e0 quella legalmente in vigore in ogni momento.<\/p>\n<p>Per gli ordini effettuati al di fuori della Penisola, saranno applicate le tasse e i dazi derivanti dall'importazione e dall'esportazione del prodotto in questi territori (secondo la normativa vigente), che dovranno essere pagati direttamente dall'Utente al corriere incaricato della consegna del prodotto.<\/p>\n<p>Tutti i prezzi sono espressi in euro (\u20ac) e devono essere considerati come il prezzo finale da pagare dal cliente (comprensivo o meno dell'IVA a seconda del territorio di consegna, come indicato nei paragrafi precedenti).<span class=\"Apple-converted-space\">\u00a0<\/span><\/p>\n<p>Il prezzo dell'ordine verr\u00e0 calcolato automaticamente durante il processo di compilazione del carrello.<\/p>\n<p>I prezzi possono variare in qualsiasi momento. Tuttavia, eventuali modifiche non influenzeranno i Prodotti per i quali <b>IL PROPRIETARIO DEL SITO WEB<\/b> abbia gi\u00e0 inviato la Conferma di Spedizione.<\/p>\n<p><b>Spese di spedizione<\/b><\/p>\n<ul>\n<li>Nessuna spesa di spedizione.<\/li>\n<\/ul>\n<p>Si cercher\u00e0 di effettuare la spedizione dell'ordine nel minor tempo possibile, ma il destinatario dovr\u00e0 tenere conto delle disposizioni del paese di destinazione per l'importazione degli articoli richiesti, poich\u00e9 <b>IL PROPRIETARIO DEL SITO WEB<\/b> non ne \u00e8 responsabile. Non saranno imputabili <b>al PROPRIETARIO DEL SITO WEB<\/b> gli effetti prodotti da scioperi, conflitti bellici o altre circostanze al di fuori del suo controllo.<\/p>\n<p><b>IL PROPRIETARIO DEL SITO WEB<\/b> non sar\u00e0 responsabile, se del caso, dei ritardi nello sdoganamento n\u00e9 se le autorit\u00e0 locali decidono di confiscare qualsiasi elemento contenuto in una spedizione.<\/p>\n<p><b>Metodi di pagamento accettati<\/b><\/p>\n<p>Il pagamento del prodotto acquistato potr\u00e0 essere effettuato:<\/p>\n<ul>\n<li>Con carta di credito o di debito (emessa da un ente con sede in Spagna).<span class=\"Apple-converted-space\">\u00a0<\/span><\/li>\n<\/ul>\n<p>L'importo dell'ordine verr\u00e0 addebitato sulla carta, quindi dovrai indicare il numero, la data di scadenza e il codice di sicurezza CW2 (incluso sul fronte). Nel caso in cui la carta sia protetta, ti verranno richiesti i relativi codici di sicurezza.<\/p>\n<p>Questi dati non saranno memorizzati o manipolati da noi, ma saranno registrati direttamente sulla piattaforma di pagamento dell'ente finanziario corrispondente. Per maggiore sicurezza, utilizzeremo un servizio di autenticazione del Commercio Elettronico Sicuro, sistema stabilito da Visa \/ Mastercard \/ Eurocard, mediante il quale l'utente si autentica presso il proprio ente emittente e il commerciante si autentica presso la propria banca acquirer.<\/p>\n<p>Al fine di garantire la riservatezza e l'integrit\u00e0 delle transazioni, queste vengono effettuate tramite il protocollo SSL (Secure Socket Layer) con chiavi di sicurezza a 128 bit.<\/p>\n<p>L'addebito verr\u00e0 effettuato in tempo reale tramite questa piattaforma di pagamento. Nel caso in cui l'addebito non possa essere effettuato (per qualsiasi motivo), l'ordine verr\u00e0 annullato automaticamente.<\/p>\n<p><b>Processo di acquisto \/ contrattazione<\/b><\/p>\n<p>Potrai navigare sul sito web fino a trovare l'articolo desiderato. Una volta trovato, facendo clic su di esso, accederai a tutte le informazioni dettagliate fornite dal sito web. Da qui potrai aggiungere l'articolo al carrello.<\/p>\n<p>Se stai effettuando un ordine per la prima volta con noi, ti verr\u00e0 chiesto di registrarti inserendo il tuo indirizzo e-mail e una password con la quale potrai creare e accedere al tuo account.<\/p>\n<p>Se sei un utente registrato e hai un account attivo, dovrai inserire il tuo indirizzo e-mail e la password e il sistema riconoscer\u00e0 i tuoi dati.<\/p>\n<p>Una volta nel tuo account, potrai continuare con il tuo acquisto e infine confermare l'ordine, dove ti verr\u00e0 indicato il prezzo totale, comprensivo di IVA e costi di spedizione.<\/p>\n<p>Se non desideri effettuare ulteriori acquisti, devi fare clic sul pulsante <b>\"conferma ordine<\/b>\" per convalidare l'ordine.<\/p>\n<p>Entro un massimo di 24 ore dalla ricezione dell'accettazione, riceverai la conferma dell'ordine via e-mail all'indirizzo e-mail che ci hai fornito.<\/p>\n<p>In ottemperanza alla normativa vigente, il processo genera il contratto corrispondente, che verr\u00e0 conservato, e l'Utente avr\u00e0 accesso ad esso in qualsiasi momento durante il processo di acquisto, anche in seguito.<\/p>\n<p><b>Lingua<\/b><\/p>\n<p>Ai fini informativi e contrattuali, la lingua di comunicazione scelta sar\u00e0 il catalano o lo spagnolo.<\/p>\n<p><i>(Articolo unico 28 della Legge 3\/2014, del 27 marzo, che modifica l'articolo 98 del <\/i><i>Decreto Legislativo 1\/2007, del 16 novembre, che approva il testo unico della Legge generale per la difesa dei consumatori e degli utenti e altre leggi complementari.<\/i><i> <\/i><b><i>Articolo 98. Requisiti formali dei contratti a distanza. <\/i><\/b><i>1. Nei contratti a distanza, l'imprenditore deve fornire al consumatore e all'utente, nella lingua utilizzata nella proposta contrattuale o, almeno, nella lingua scelta per il contratto, e, almeno, in spagnolo).<\/i><\/p>\n<p><b>Consegna<\/b><\/p>\n<p><b>IL PROPRIETARIO DEL SITO WEB<\/b> si impegna a consegnare il prodotto in perfette condizioni all'indirizzo indicato dall'utente. Per ottimizzare il processo di consegna, l'indirizzo indicato dall'Utente deve essere un indirizzo in cui sia possibile effettuare la consegna durante l'orario lavorativo normale.<\/p>\n<p>Se al momento della consegna del Prodotto all'indirizzo indicato l'Utente non \u00e8 presente, verr\u00e0 lasciato un avviso indicando come procedere per concordare una nuova consegna. Se, trascorsi dieci (10) giorni naturali dalla data dell'avviso, l'Utente non si \u00e8 messo in contatto con il corriere per concordare una nuova data di consegna, i Prodotti saranno restituiti ai magazzini del<b> PROPRIETARIO DEL SITO WEB<\/b> e l'Utente dovr\u00e0 sostenere i costi di spedizione e restituzione, cos\u00ec come eventuali costi di gestione associati.<\/p>\n<p><b>IL PROPRIETARIO DEL SITO WEB<\/b> WEB non sar\u00e0 responsabile degli errori o danni causati nella consegna quando l'indirizzo di consegna inserito dall'Utente non corrisponda al luogo di consegna desiderato dall'Utente.<\/p>\n<p><b>IL PROPRIETARIO DEL SITO WEB<\/b> potr\u00e0 effettuare la consegna dello stesso ordine di Prodotti in pi\u00f9 consegne in date diverse.<\/p>\n<p>Al momento della consegna dell'ordine di Prodotti, l'Utente dovr\u00e0 esibire il proprio documento d'identit\u00e0 al corriere, firmare il documento di consegna e richiedere una copia al corriere.<\/p>\n<p>(II) Termine di consegna<\/p>\n<p><b>IL PROPRIETARIO DEL SITO WEB<\/b> informer\u00e0 l'Utente, prima del completamento del processo di acquisto, del termine di consegna, che sar\u00e0 entro un massimo di 5 giorni.<\/p>\n<p><b>IL PROPRIETARIO DEL SITO WEB<\/b> non effettua consegne di Prodotti di sabato, domenica, festivi nazionali, regionali e locali.<\/p>\n<p><b>IL PROPRIETARIO DEL SITO WEB<\/b> informer\u00e0 l'Utente, tramite l'invio di una e-mail al suo indirizzo di posta elettronica, della data di partenza dai magazzini del<b> PROPRIETARIO DEL SITO WEB<\/b> dell'ordine di Prodotti corrispondente e dei dati di contatto della societ\u00e0 di trasporto che effettuer\u00e0 la consegna. Entro un periodo approssimativo di 24\/72 ore dalla data di conferma, per le spedizioni nella Penisola (se del caso, per le spedizioni al di fuori della Penisola verr\u00e0 specificato al momento), il Prodotto sar\u00e0 consegnato all'indirizzo indicato dall'utente, salvo circostanze di forza maggiore.<\/p>\n<p>La consegna si considera effettuata dal momento in cui il prodotto \u00e8 stato reso disponibile all'Utente presso il luogo di consegna indicato dall'Utente.<\/p>\n<p>Il rischio dei Prodotti (tra cui perdita, deterioramento o furto) sar\u00e0 trasferito all'Utente dal momento in cui l'ordine di Prodotti sar\u00e0 stato reso disponibile all'Utente in conformit\u00e0 a quanto stabilito nelle presenti condizioni di Vendita.<\/p>\n<p><b>Informazioni sull'esercizio del diritto di recesso<\/b><\/p>\n<p>(I) Diritto di recesso<\/p>\n<p>L'Utente avr\u00e0 un periodo massimo di quattordici (14) giorni naturali dalla consegna del prodotto per recedere, totalmente o parzialmente, dall'acquisto del prodotto, conformemente alla legislazione applicabile.<\/p>\n<p>Una volta trascorso il periodo di quattordici (14) giorni naturali, <b>IL PROPRIETARIO DEL SITO WEB<\/b> non accetter\u00e0 resi per recesso da acquisti di Prodotti.<\/p>\n<p>L'Utente non avr\u00e0 diritto di recesso nei casi stabiliti dalla normativa applicabile e, in particolare, a titolo esemplificativo e non esaustivo, nei seguenti casi:<span class=\"Apple-converted-space\">\u00a0<\/span><\/p>\n<p>Per quanto riguarda i beni, il diritto di recesso non pu\u00f2 essere esercitato nei seguenti casi:<\/p>\n<ul>\n<li>Se sono stati personalizzati.<\/li>\n<li>Se possono deteriorarsi rapidamente.<\/li>\n<li>Se sono sigillati e non sono idonei al reso per motivi di salute, igiene o se sono stati scartati dopo la consegna.<\/li>\n<li>Se sono stati mescolati in modo indissolubile con altri beni.<\/li>\n<li>Se il prezzo dipende dalle fluttuazioni del mercato finanziario che l'imprenditore non pu\u00f2 controllare e che possono verificarsi durante il periodo di esercizio del diritto di recesso.<\/li>\n<\/ul>\n<p>A tal fine e per gestire i resi in modo rapido e semplice, \u00e8 necessario contattare il <b>IL PROPRIETARIO DEL SITO WEB<\/b> por correo postal (a la direcci\u00f3n C\/ Camp de Mart 4, local 2b\u2013 17001 GIRONA (Girona)) o por correo electr\u00f3nico (info@musicgates.es).<\/p>\n<p>Per utilizzare questo sistema, devono essere soddisfatti i seguenti requisiti:<\/p>\n<ul>\n<li>Il prodotto deve trovarsi nello stesso stato in cui \u00e8 stato consegnato e deve conservare istruzioni, documentazione, accessori, imballaggio e etichettatura originali. Le etichette identificative devono essere ancora attaccate ai rispettivi prodotti.<\/li>\n<\/ul>\n<ul>\n<li>Il reso a <b>IL PROPRIETARIO DEL SITO WEB<\/b> deve essere effettuato utilizzando lo stesso scatolo o busta utilizzati per la consegna o, in caso contrario, in un formato simile che garantisca il ritorno dei prodotti in perfetto stato.<\/li>\n<\/ul>\n<p>Una volta completata la procedura di reso stabilita, <b>IL PROPRIETARIO DEL SITO WEB<\/b> programmer\u00e0 il ritiro dei prodotti e informer\u00e0 l'utente via e-mail sulla data e l'orario del ritiro.<\/p>\n<p><b>IL PROPRIETARIO DEL SITO WEB<\/b> non sar\u00e0 responsabile dei costi e delle spese dirette sostenute dall'utente per i resi di prodotti nell'esercizio del diritto di recesso, pertanto l'utente si far\u00e0 carico delle spese di spedizione per il reso.<\/p>\n<p>(II) Rimborso del prezzo dei prodotti all'utente<\/p>\n<p>Nel caso di esercizio del diritto di recesso come descritto nella parte (I), l'utente avr\u00e0 diritto al rimborso del prezzo dei prodotti restituiti, a condizione che i prodotti restituiti si trovino nelle stesse condizioni in cui sono stati consegnati, non siano stati utilizzati, lavati, danneggiati o smarriti prima di arrivare presso le strutture di<b> PROPRIETARIO DEL SITO WEB<\/b> o se non sono state soddisfatte le condizioni stabilite in queste Condizioni di Vendita.<\/p>\n<p>Non saranno rimborsate le spese di spedizione del reso del prodotto.<\/p>\n<p><b>IL PROPRIETARIO DEL SITO WEB<\/b> verificher\u00e0 nel proprio magazzino l'idoneit\u00e0 del prodotto restituito, riservandosi il diritto di non effettuare il rimborso nel caso in cui il prodotto acquistato e quello restituito non corrispondano o se il reso non \u00e8 stato effettuato in conformit\u00e0 con le presenti Condizioni di Vendita.<\/p>\n<p>I resi parziali di un ordine comporteranno rimborsi parziali del prezzo e delle spese di spedizione. In questo caso, le spese di spedizione saranno a carico dell'utente.<\/p>\n<p><b>IL PROPRIETARIO DEL SITO WEB<\/b> gestir\u00e0 l'ordine di rimborso del prezzo utilizzando lo stesso sistema di pagamento utilizzato dall'utente per l'acquisto dei prodotti, entro quarantotto (48) ore dalla conferma dell'arrivo presso il magazzino dell'ordine restituito e, in ogni caso, entro un periodo non superiore a 14 giorni naturali dalla comunicazione da parte dell'utente del suo recesso. L'applicazione del rimborso del prezzo sul conto o sulla carta dell'utente dipender\u00e0 dalla carta e dall'ente emittente.<\/p>\n<p>(III) Reso dei prodotti difettosi<\/p>\n<p>L'utente avr\u00e0 diritto al rimborso del prezzo, delle spese di spedizione e delle spese di spedizione del reso dei prodotti difettosi o dei prodotti consegnati se non corrispondono all'ordine effettuato dall'utente, in conformit\u00e0 alla legislazione applicabile.<\/p>\n<p>In tali casi, la restituzione a<b> PROPRIETARIO DEL SITO WEB<\/b> dei prodotti pu\u00f2 essere effettuata secondo le modalit\u00e0 stabilite nel paragrafo precedente contattando il nostro Servizio Clienti. Nel caso di reso di prodotti difettosi o non conformi all'ordine effettuato dall'utente, <b>IL PROPRIETARIO DEL SITO WEB<\/b> si far\u00e0 carico dei costi di trasporto del reso dei prodotti, purch\u00e9 il reso sia effettuato dall'interno del Territorio Peninsulare.<\/p>\n<p><b>Assistenza Clienti<\/b><\/p>\n<p>\u00c8 possibile richiedere ulteriori informazioni o contattarci per qualsiasi domanda attraverso il nostro Servizio Clienti. Ecco i nostri canali di contatto:<\/p>\n<p>DOMICILIO: C\/ Camp de Mart 4, local 2b<\/p>\n<p>POBLACI\u00d3N: 17001 \u2013 GIRONA<\/p>\n<p>PROVINCIA: GIRONA<\/p>\n<p>TELEFONO: +34 972 017 665<\/p>\n<p>EMAIL: <a href=\"mailto:info@musicgates.es\">info@musicgates.es<\/a><span class=\"Apple-converted-space\">\u00a0<\/span><\/p>\n<p><b>Risoluzione delle controversie<\/b><\/p>\n<p>Su questo contratto si applicher\u00e0 la legge spagnola. Le parti acconsentono a sottoporsi per la risoluzione di qualsiasi controversia, conflitto o reclamo derivante dal presente contratto, ai Tribunali di GIRONA, con esplicita rinuncia a qualsiasi altro foro che potrebbe spettare loro.<\/p>\n<p><b>Modifica delle condizioni di vendita<\/b><\/p>\n<p>Ci riserviamo il diritto di apportare modifiche al nostro sito web, alle nostre politiche e ai nostri termini e condizioni, comprese le presenti Condizioni di Vendita, in qualsiasi momento.<\/p>\n<p>Sarai soggetto ai termini e alle condizioni, alle politiche e alle Condizioni di Vendita in vigore al momento dell'ordine, a meno che, per legge o su richiesta delle autorit\u00e0, non venga apportata una modifica a tali termini e condizioni, politiche o Condizioni di Vendita (in tal caso, tali modifiche potrebbero essere applicabili a eventuali ordini effettuati in precedenza).<\/p>\n<p>Se una qualsiasi delle presenti condizioni viene dichiarata invalida, nulla o inefficace per qualsiasi motivo, tale condizione sar\u00e0 considerata esclusa senza che ci\u00f2 possa influire sulla validit\u00e0 o sulla applicabilit\u00e0 delle restanti condizioni.<\/p>\n<p><b>Nullit\u00e0 parziale<\/b><\/p>\n<p>Nel caso in cui una qualsiasi clausola delle presenti Condizioni di Vendita sia dichiarata nulla, le altre clausole rimarranno in vigore e saranno interpretate tenendo conto della volont\u00e0 delle parti e dello scopo di queste Condizioni di Vendita.<\/p>\n<p>Il mancato esercizio da parte di<b> PROPRIETARIO DEL SITO WEB<\/b> di qualsiasi diritto derivante dalle presenti Condizioni di Vendita non sar\u00e0 interpretato come rinuncia a tale diritto, salvo rinuncia espressa e per iscritto da parte  di<b> PROPRIETARIO DEL SITO WEB<\/b> o prescrizione dell'azione che, in ogni caso, spetta.<\/p>\n<\/div>\n<\/div>\n<\/div>\n<\/div>\n<\/div>\n<p><\/p>\t\t\t\t\t\t\t\t<\/div>\n\t\t\t\t<\/div>\n\t\t\t\t<\/div>\n\t\t\t\t<\/div>","protected":false},"excerpt":{"rendered":"<p>T\u00e9rminos y condiciones del servicio T\u00c9RMINOS Y CONDICIONES DE VENTA Y SU ACEPTACI\u00d3N. El presente documento regula los t\u00e9rminos y condiciones de uso del sitio web accedido y la relaci\u00f3n comercial que surja entre KAKIGORYS CORO, S.L. (en adelante el PROPIETARIO DE LA WEB) y los usuarios que hagan la contrataci\u00f3n a distancia de los [&hellip;]<\/p>\n","protected":false},"author":1,"featured_media":0,"parent":0,"menu_order":0,"comment_status":"closed","ping_status":"closed","template":"","meta":{"footnotes":""},"class_list":["post-823","page","type-page","status-publish","hentry"],"_links":{"self":[{"href":"https:\/\/www.musicgates.pro\/it\/wp-json\/wp\/v2\/pages\/823","targetHints":{"allow":["GET"]}}],"collection":[{"href":"https:\/\/www.musicgates.pro\/it\/wp-json\/wp\/v2\/pages"}],"about":[{"href":"https:\/\/www.musicgates.pro\/it\/wp-json\/wp\/v2\/types\/page"}],"author":[{"embeddable":true,"href":"https:\/\/www.musicgates.pro\/it\/wp-json\/wp\/v2\/users\/1"}],"replies":[{"embeddable":true,"href":"https:\/\/www.musicgates.pro\/it\/wp-json\/wp\/v2\/comments?post=823"}],"version-history":[{"count":12,"href":"https:\/\/www.musicgates.pro\/it\/wp-json\/wp\/v2\/pages\/823\/revisions"}],"predecessor-version":[{"id":1044,"href":"https:\/\/www.musicgates.pro\/it\/wp-json\/wp\/v2\/pages\/823\/revisions\/1044"}],"wp:attachment":[{"href":"https:\/\/www.musicgates.pro\/it\/wp-json\/wp\/v2\/media?parent=823"}],"curies":[{"name":"wp","href":"https:\/\/api.w.org\/{rel}","templated":true}]}}